{"id":791,"date":"2025-03-20T13:46:40","date_gmt":"2025-03-20T12:46:40","guid":{"rendered":"https:\/\/tohifu.de\/?page_id=791"},"modified":"2026-03-03T14:45:59","modified_gmt":"2026-03-03T13:45:59","slug":"weitere-informationen-ueber-uganda","status":"publish","type":"page","link":"https:\/\/tohifu.de\/?page_id=791","title":{"rendered":"Weitere Informationen \u00fcber Uganda"},"content":{"rendered":"<h1>Weitere Informationen \u00fcber Uganda<\/h1>\n<div>\n<p><strong>Mehr \u00fcber Uganda und Afrika <\/strong><\/p>\n<\/p>\n<p>Warum Uganda ? \u00a0In Gespr\u00e4chen \u00fcber TOGETHER und unsere Arbeit erhalten wir die Frage oft gestellt &#8211; und wir beantworten sie immer wieder gern. Dabei berichten wir mit Begeisterung \u00fcber den Ursprung des Vereins. \u00a0Wir erz\u00e4hlen dar\u00fcber, warum wir gerade im s\u00fcdwestlichen Teil des Landes begonnen haben, unsere Projekte zu realisieren und wie sehr wir uns mit unseren ugandischen Partnern und Freunden verbunden f\u00fchlen.<\/p>\n<p>W\u00e4hrend dieser Gespr\u00e4che wird uns immer wieder bewusst, wieviel es \u00fcber Uganda zu erz\u00e4hlen gibt: Wir sprechen \u00fcber ein Land mit einer bis in die sp\u00e4ten 1970er Jahre sehr schwierigen Geschichte, \u00fcber ein Land, das bis in die neunziger Jahre hinein durch die LRA und die HIV &#8211; Krise immer wieder Gefahr lief, destabilisiert zu werden und doch in den letzten Jahrzehnten eine beachtliche Entwicklung verzeichnete. Dabei wissen wir, dass diese positive Entwicklung nicht ausreichend bei den Menschen ankommt: bei der Landbev\u00f6lkerung, bei Waisen- und Halbwaisen und bei Menschen mit vergleichsweise geringem Bildungsgrad.<\/p>\n<p>Uganda, mit seinen mehr als 50 Sprachen, seinen verschiedenen K\u00f6nigreichen und Religionen ist nicht nur ein Spiegelbild f\u00fcr die ethnischen und \u00f6konomischen Herausforderungen, sondern auch ein Synonym f\u00fcr den Aufbruch des afrikanischen Kontinents. F\u00fcr Interessierte, die tiefer in dessen j\u00fcngste Geschichte und die des afrikanischen Kontinents eintauchen m\u00f6chten, finden Sie hier einige Hinweise zu B\u00fcchern und zu Webseiten, die auch unserem TOGETHER \u2013 Team geholfen haben, Uganda und Afrika besser zu verstehen.<\/p>\n<\/p>\n<p>[1] Heiko Hooge: Iwanowski\u2019s Reisef\u00fchrer Uganda f\u00fcr Individualreisende<\/p>\n<p>[2] Ryszard Kapuscinski: Afrikanisches Fieber<\/p>\n<p>[3] David Van Reybrouck: Kongo \u2013 Eine Geschichte<\/p>\n<p>[4] Peter Scholl \u2013 Latour: Afrikanische Totenklage<\/p>\n<p>[5] Bartholom\u00e4us Grill: Ach, Afrika \u2013 Berichte aus dem Inneren eines Kontinents<\/p>\n<p><a href=\"https:\/\/www.auswaertiges-amt.de\" target=\"_blank\" rel=\"noopener\">https:\/\/www.auswaertiges-amt.de<\/a><\/p>\n<p><a href=\"http:\/\/www.ugandainsider.de\" target=\"_blank\" rel=\"noopener\">http:\/\/www.ugandainsider.de<\/a><\/p>\n<p><a href=\"https:\/\/de.wikipedia.org\/wiki\/Uganda\" target=\"_blank\" rel=\"noopener\">https:\/\/de.wikipedia.org\/wiki\/Uganda<\/a><\/p>\n<\/div>\n<div>\n<h4>Spendenportal<\/h4>\n<\/div>\n<p><img decoding=\"async\" src=\"\/wp-content\/uploads\/2025\/06\/pax-bank1.png\" alt=\"\"><\/p>\n<div>\n<p>Beim Klick auf den Button SPENDEN werden Sie auf die Seite unseres Partners, der Pax-Bank f\u00fcr Kirche und Caritas in Paderborn weitergeleitet. Dort haben Sie die M\u00f6glichkeit, Ihre Spende verschiedenen Projekten unseres Vereins zuzuordnen. Wir bedanken uns schon jetzt f\u00fcr Ihre Hilfe!<\/p>\n<\/div>\n<p><p>\n        <a href=\"https:\/\/www.bkc-spendenportal.de\/organisation-checkout.html?id=44\">Spenden<\/a>\n    <\/p>\n<\/p>\n<hr>\n<p><img decoding=\"async\" src=\"\/wp-content\/uploads\/2025\/07\/spk-logo-druck.png\" alt=\"\"><\/p>\n<div>\n<div>TOGETHER \u2013 Hilfe f\u00fcr Uganda e.V.<\/div>\n<div>IBAN: DE50 5205 0353 1235 9000 00<\/div>\n<div>BIC: HELADEF1KAS<\/div>\n<\/div>\n<p><p>\n        <a href=\"\/?page_id=763\">zur\u00fcck<\/a>\n    <\/p>\n<\/p>\n<p><!--more--><br \/>\n<!-- {\"type\":\"layout\",\"children\":[{\"type\":\"section\",\"props\":{\"header_transparent\":true,\"header_transparent_noplaceholder\":false,\"image\":\"wp-content\/uploads\/2025\/01\/Logo_Together_2025-Background.png\",\"image_effect\":\"fixed\",\"image_position\":\"center-center\",\"image_size\":\"contain\",\"media_overlay\":\"rgba(208, 204, 196, 0.85)\",\"style\":\"default\",\"title_breakpoint\":\"xl\",\"title_position\":\"top-left\",\"title_rotation\":\"left\",\"vertical_align\":\"middle\",\"width\":\"expand\"},\"children\":[{\"type\":\"row\",\"children\":[{\"type\":\"column\",\"props\":{\"image_position\":\"center-center\",\"position_sticky_breakpoint\":\"m\"},\"children\":[{\"type\":\"headline\",\"props\":{\"content\":\"Weitere Informationen \u00fcber Uganda\",\"image_align\":\"left\",\"image_margin\":\"xsmall\",\"title_decoration\":\"line\",\"title_element\":\"h1\"}}]}]},{\"type\":\"row\",\"children\":[{\"type\":\"column\",\"props\":{\"image_position\":\"center-center\",\"image_size\":\"cover\",\"position_sticky_breakpoint\":\"m\",\"width_medium\":\"3-4\"},\"children\":[{\"type\":\"text\",\"props\":{\"column_breakpoint\":\"m\",\"content\":\"\n\n<p><strong>Mehr \u00fcber Uganda und Afrika <\/strong><\/p>\n\n\\n\n\n\n\n\\n\n\n<p>Warum Uganda ? \u00a0In Gespr\u00e4chen \u00fcber TOGETHER und unsere Arbeit erhalten wir die Frage oft gestellt - und wir beantworten sie immer wieder gern. Dabei berichten wir mit Begeisterung \u00fcber den Ursprung des Vereins. \u00a0Wir erz\u00e4hlen dar\u00fcber, warum wir gerade im s\u00fcdwestlichen Teil des Landes begonnen haben, unsere Projekte zu realisieren und wie sehr wir uns mit unseren ugandischen Partnern und Freunden verbunden f\u00fchlen.<\/p>\n\n\\n\n\n<p>W\u00e4hrend dieser Gespr\u00e4che wird uns immer wieder bewusst, wieviel es \u00fcber Uganda zu erz\u00e4hlen gibt: Wir sprechen \u00fcber ein Land mit einer bis in die sp\u00e4ten 1970er Jahre sehr schwierigen Geschichte, \u00fcber ein Land, das bis in die neunziger Jahre hinein durch die LRA und die HIV - Krise immer wieder Gefahr lief, destabilisiert zu werden und doch in den letzten Jahrzehnten eine beachtliche Entwicklung verzeichnete. Dabei wissen wir, dass diese positive Entwicklung nicht ausreichend bei den Menschen ankommt: bei der Landbev\u00f6lkerung, bei Waisen- und Halbwaisen und bei Menschen mit vergleichsweise geringem Bildungsgrad.<\/p>\n\n\\n\n\n<p>Uganda, mit seinen mehr als 50 Sprachen, seinen verschiedenen K\u00f6nigreichen und Religionen ist nicht nur ein Spiegelbild f\u00fcr die ethnischen und \u00f6konomischen Herausforderungen, sondern auch ein Synonym f\u00fcr den Aufbruch des afrikanischen Kontinents. F\u00fcr Interessierte, die tiefer in dessen j\u00fcngste Geschichte und die des afrikanischen Kontinents eintauchen m\u00f6chten, finden Sie hier einige Hinweise zu B\u00fcchern und zu Webseiten, die auch unserem TOGETHER \u2013 Team geholfen haben, Uganda und Afrika besser zu verstehen.<\/p>\n\n\\n\n\n\n\n\\n\n\n<p>[1] Heiko Hooge: Iwanowski\u2019s Reisef\u00fchrer Uganda f\u00fcr Individualreisende<\/p>\n\n\\n\n\n<p>[2] Ryszard Kapuscinski: Afrikanisches Fieber<\/p>\n\n\\n\n\n<p>[3] David Van Reybrouck: Kongo \u2013 Eine Geschichte<\/p>\n\n\\n\n\n<p>[4] Peter Scholl \u2013 Latour: Afrikanische Totenklage<\/p>\n\n\\n\n\n<p>[5] Bartholom\u00e4us Grill: Ach, Afrika \u2013 Berichte aus dem Inneren eines Kontinents<\/p>\n\n\\n\n\n<p><a href=\\\"https:\/\/www.auswaertiges-amt.de\\\" target=\\\"_blank\\\" rel=\\\"noopener\\\">https:\/\/www.auswaertiges-amt.de<\/a><\/p>\n\n\\n\n\n<p><a href=\\\"http:\/\/www.ugandainsider.de\\\" target=\\\"_blank\\\" rel=\\\"noopener\\\">http:\/\/www.ugandainsider.de<\/a><\/p>\n\n\\n\n\n<p><a href=\\\"https:\/\/de.wikipedia.org\/wiki\/Uganda\\\" target=\\\"_blank\\\" rel=\\\"noopener\\\">https:\/\/de.wikipedia.org\/wiki\/Uganda<\/a><\/p>\n\n\",\"margin_bottom\":\"default\",\"margin_top\":\"default\"}}]},{\"type\":\"column\",\"props\":{\"image_position\":\"center-center\",\"position_sticky_breakpoint\":\"m\",\"style\":\"card-secondary\",\"width_medium\":\"1-4\"},\"children\":[{\"type\":\"text\",\"props\":{\"column_breakpoint\":\"m\",\"content\":\"\n\n<h4>Spendenportal<\/h4>\n\n\",\"margin_bottom\":\"default\",\"margin_top\":\"default\"},\"name\":\"Spendenportal \u00dcberschrift\"},{\"type\":\"image\",\"props\":{\"image\":\"wp-content\/uploads\/2025\/06\/pax-bank1.png\",\"image_svg_color\":\"emphasis\",\"margin_bottom\":\"default\",\"margin_top\":\"default\"},\"name\":\"Pax-Bank Bild\"},{\"type\":\"text\",\"props\":{\"column_breakpoint\":\"m\",\"content\":\"\n\n<p>Beim Klick auf den Button SPENDEN werden Sie auf die Seite unseres Partners, der Pax-Bank f\u00fcr Kirche und Caritas in Paderborn weitergeleitet. Dort haben Sie die M\u00f6glichkeit, Ihre Spende verschiedenen Projekten unseres Vereins zuzuordnen. Wir bedanken uns schon jetzt f\u00fcr Ihre Hilfe!<\/p>\n\n\",\"margin_bottom\":\"default\",\"margin_top\":\"default\",\"text_style\":\"small\"},\"name\":\"Pax-Text\"},{\"type\":\"button\",\"props\":{\"button_size\":\"large\",\"grid_column_gap\":\"small\",\"grid_row_gap\":\"small\",\"margin_bottom\":\"default\",\"margin_top\":\"default\"},\"children\":[{\"type\":\"button_item\",\"props\":{\"button_style\":\"secondary\",\"content\":\"Spenden\",\"dialog_layout\":\"modal\",\"dialog_offcanvas_flip\":true,\"icon\":\"credit-card\",\"icon_align\":\"left\",\"link\":\"https:\/\/www.bkc-spendenportal.de\/organisation-checkout.html?id=44\",\"link_target\":true}}],\"name\":\"BCK Button\"},{\"type\":\"divider\",\"props\":{\"divider_element\":\"hr\"}},{\"type\":\"image\",\"props\":{\"image\":\"wp-content\/uploads\/2025\/07\/spk-logo-druck.png\",\"image_svg_color\":\"emphasis\",\"margin_bottom\":\"default\",\"margin_top\":\"default\"},\"name\":\"Kasseler Sparkasse\"},{\"type\":\"text\",\"props\":{\"column_breakpoint\":\"m\",\"content\":\"\n\n<div>TOGETHER \u2013 Hilfe f\u00fcr Uganda e.V.<\/div>\n\n\\n\n\n<div>IBAN: DE50 5205 0353 1235 9000 00<\/div>\n\n\\n\n\n<div>BIC: HELADEF1KAS<\/div>\n\n\",\"margin_bottom\":\"default\",\"margin_top\":\"default\",\"text_style\":\"small\"},\"name\":\"Kasseler Sparkasse Konto\"}]}],\"props\":{\"divider\":true,\"layout\":\"3-4,1-4\",\"parallax\":false}},{\"type\":\"row\",\"children\":[{\"type\":\"column\",\"props\":{\"image_position\":\"center-center\",\"position_sticky_breakpoint\":\"m\"},\"children\":[{\"type\":\"button\",\"props\":{\"grid_column_gap\":\"small\",\"grid_row_gap\":\"small\",\"margin_bottom\":\"default\",\"margin_top\":\"default\"},\"children\":[{\"type\":\"button_item\",\"props\":{\"button_style\":\"secondary\",\"content\":\"zur\u00fcck\",\"dialog_layout\":\"modal\",\"dialog_offcanvas_flip\":true,\"icon\":\"reply\",\"icon_align\":\"left\",\"link\":\"?page_id=763\"}}],\"name\":\"zur\u00fcck Startseite Button\"}]}]}],\"name\":\"TOGETHER \u2022 Vorstand - Vorlage\"}],\"version\":\"5.0.18\"} --><\/p>\n","protected":false},"excerpt":{"rendered":"<p>Weitere Informationen \u00fcber Uganda Mehr \u00fcber Uganda und Afrika Warum Uganda ? \u00a0In Gespr\u00e4chen \u00fcber TOGETHER und unsere Arbeit erhalten wir die Frage oft gestellt &#8211; und wir beantworten sie immer wieder gern. Dabei berichten wir mit Begeisterung \u00fcber den Ursprung des Vereins. \u00a0Wir erz\u00e4hlen dar\u00fcber, warum wir gerade im s\u00fcdwestlichen Teil des Landes begonnen [&hellip;]<\/p>\n","protected":false},"author":1,"featured_media":0,"parent":0,"menu_order":0,"comment_status":"closed","ping_status":"closed","template":"","meta":{"footnotes":""},"class_list":["post-791","page","type-page","status-publish","hentry"],"_links":{"self":[{"href":"https:\/\/tohifu.de\/index.php?rest_route=\/wp\/v2\/pages\/791","targetHints":{"allow":["GET"]}}],"collection":[{"href":"https:\/\/tohifu.de\/index.php?rest_route=\/wp\/v2\/pages"}],"about":[{"href":"https:\/\/tohifu.de\/index.php?rest_route=\/wp\/v2\/types\/page"}],"author":[{"embeddable":true,"href":"https:\/\/tohifu.de\/index.php?rest_route=\/wp\/v2\/users\/1"}],"replies":[{"embeddable":true,"href":"https:\/\/tohifu.de\/index.php?rest_route=%2Fwp%2Fv2%2Fcomments&post=791"}],"version-history":[{"count":14,"href":"https:\/\/tohifu.de\/index.php?rest_route=\/wp\/v2\/pages\/791\/revisions"}],"predecessor-version":[{"id":1577,"href":"https:\/\/tohifu.de\/index.php?rest_route=\/wp\/v2\/pages\/791\/revisions\/1577"}],"wp:attachment":[{"href":"https:\/\/tohifu.de\/index.php?rest_route=%2Fwp%2Fv2%2Fmedia&parent=791"}],"curies":[{"name":"wp","href":"https:\/\/api.w.org\/{rel}","templated":true}]}}