{"id":779,"date":"2025-03-20T13:43:23","date_gmt":"2025-03-20T12:43:23","guid":{"rendered":"https:\/\/tohifu.de\/?page_id=779"},"modified":"2026-03-03T14:45:32","modified_gmt":"2026-03-03T13:45:32","slug":"reisen-in-uganda","status":"publish","type":"page","link":"https:\/\/tohifu.de\/?page_id=779","title":{"rendered":"Reisen in Uganda"},"content":{"rendered":"<h1>Reisen in Uganda<\/h1>\n<div>\n<p><strong>Uganda \u2013 Die Perle Afrikas<\/strong><\/p>\n<p>Wie die meisten L\u00e4nder des afrikanischen Kontinents ist auch Uganda ein Land mit gro\u00dfen Herausforderungen. Dabei begleitet TOGETHER seit mehr als 25 Jahren Menschen auf Ihrem Weg, Ihre Zukunft bestm\u00f6glich zu gestalten.<\/p>\n<p>Wir haben immer daf\u00fcr geworben, Uganda und seine Menschen nicht ausschlie\u00dflich nur aus der Perspektive der Wegbegleiter und Unterst\u00fctzer zu betrachten. Vielmehr war und ist es uns wichtig, dass unsere Vereinsmitglieder, Sponsoren und Mitreisenden die Vielf\u00e4ltigkeit der atemberaubenden Landschaften, der Natur- und Pflanzenwelt und nat\u00fcrlich Gastfreundschaft und Herzlichkeit der Menschen dieses wundersch\u00f6nen Landes wahrnehmen.<\/p>\n<p>Sollten auch Sie den Wunsch haben, Uganda intensiver kennenzulernen, setzen Sie sich gern mit unserem Partner und Freund Allan Aturinda in Verbindung. Allan betreibt als Unternehmer sein eigenes Reiseb\u00fcro \u201ePearllandsafaries\u201c, dass Ihren Aufenthalt in Uganda perfekt auf Ihre W\u00fcnsche planen und gestalten kann.<\/p>\n<p>Gern unterst\u00fctzt auch unser TOGETHER \u2013 Team bei Ihrer Reiseplanung. \u00a0Sprechen Sie uns an, und wir vermitteln direkt einen Kontakt nach Uganda.<\/p>\n<p>Webseite: <a href=\"https:\/\/pearllandsafaries.com\" target=\"_blank\" rel=\"noopener\">https:\/\/pearllandsafaries.com<img loading=\"lazy\" decoding=\"async\" src=\"https:\/\/martin-forciniti.net\/tohifu\/wp-content\/uploads\/2025\/06\/pearlandlogo2-300x58.png\" alt=\"\" width=\"316\" height=\"61\" class=\"wp-image-998 alignnone\" srcset=\"https:\/\/tohifu.de\/wp-content\/uploads\/2025\/06\/pearlandlogo2-300x58.png 300w, https:\/\/tohifu.de\/wp-content\/uploads\/2025\/06\/pearlandlogo2.png 360w\" sizes=\"(max-width: 316px) 100vw, 316px\" \/><\/a><\/p>\n<p>E-Mail: <a href=\"mailto:info@pearllandsafaris.com\">info@pearllandsafaris.com<\/a><\/p>\n<p>Telefon: +256-414-231644 \u00a0oder +256-772-498064<\/p>\n<\/div>\n<p><img decoding=\"async\" src=\"\/wp-content\/uploads\/2025\/06\/IMG_5410.jpg\" alt=\"\"><\/p>\n<hr>\n<div>\n<h4>Spendenportal<\/h4>\n<\/div>\n<p><img decoding=\"async\" src=\"\/wp-content\/uploads\/2025\/06\/pax-bank1.png\" alt=\"\"><\/p>\n<div>\n<p>Beim Klick auf den Button SPENDEN werden Sie auf die Seite unseres Partners, der Pax-Bank f\u00fcr Kirche und Caritas in Paderborn weitergeleitet. Dort haben Sie die M\u00f6glichkeit, Ihre Spende verschiedenen Projekten unseres Vereins zuzuordnen. Wir bedanken uns schon jetzt f\u00fcr Ihre Hilfe!<\/p>\n<\/div>\n<p><p>\n        <a href=\"https:\/\/www.bkc-spendenportal.de\/organisation-checkout.html?id=44\">Spenden<\/a>\n    <\/p>\n<\/p>\n<hr>\n<p><img decoding=\"async\" src=\"\/wp-content\/uploads\/2025\/07\/spk-logo-druck.png\" alt=\"\"><\/p>\n<div>\n<div>TOGETHER \u2013 Hilfe f\u00fcr Uganda e.V.<\/div>\n<div>IBAN: DE50 5205 0353 1235 9000 00<\/div>\n<div>BIC: HELADEF1KAS<\/div>\n<\/div>\n<p><p>\n        <a href=\"\/?page_id=763\">zur\u00fcck<\/a>\n    <\/p>\n<\/p>\n<p><!--more--><br \/>\n<!-- {\"type\":\"layout\",\"children\":[{\"type\":\"section\",\"props\":{\"header_transparent\":true,\"header_transparent_noplaceholder\":false,\"image\":\"wp-content\/uploads\/2025\/01\/Logo_Together_2025-Background.png\",\"image_effect\":\"fixed\",\"image_position\":\"center-center\",\"image_size\":\"contain\",\"media_overlay\":\"rgba(208, 204, 196, 0.85)\",\"style\":\"default\",\"title_breakpoint\":\"xl\",\"title_position\":\"top-left\",\"title_rotation\":\"left\",\"vertical_align\":\"middle\",\"width\":\"expand\"},\"children\":[{\"type\":\"row\",\"children\":[{\"type\":\"column\",\"props\":{\"image_position\":\"center-center\",\"position_sticky_breakpoint\":\"m\"},\"children\":[{\"type\":\"headline\",\"props\":{\"content\":\"Reisen in Uganda\",\"image_align\":\"left\",\"image_margin\":\"xsmall\",\"title_decoration\":\"line\",\"title_element\":\"h1\"}}]}]},{\"type\":\"row\",\"children\":[{\"type\":\"column\",\"props\":{\"image_position\":\"center-center\",\"image_size\":\"cover\",\"position_sticky_breakpoint\":\"m\",\"width_medium\":\"3-4\"},\"children\":[{\"type\":\"text\",\"props\":{\"column_breakpoint\":\"m\",\"content\":\"\n\n<p><strong>Uganda \u2013 Die Perle Afrikas<\/strong><\/p>\n\n\\n\n\n<p>Wie die meisten L\u00e4nder des afrikanischen Kontinents ist auch Uganda ein Land mit gro\u00dfen Herausforderungen. Dabei begleitet TOGETHER seit mehr als 25 Jahren Menschen auf Ihrem Weg, Ihre Zukunft bestm\u00f6glich zu gestalten.<\/p>\n\n\\n\n\n<p>Wir haben immer daf\u00fcr geworben, Uganda und seine Menschen nicht ausschlie\u00dflich nur aus der Perspektive der Wegbegleiter und Unterst\u00fctzer zu betrachten. Vielmehr war und ist es uns wichtig, dass unsere Vereinsmitglieder, Sponsoren und Mitreisenden die Vielf\u00e4ltigkeit der atemberaubenden Landschaften, der Natur- und Pflanzenwelt und nat\u00fcrlich Gastfreundschaft und Herzlichkeit der Menschen dieses wundersch\u00f6nen Landes wahrnehmen.<\/p>\n\n\\n\n\n<p>Sollten auch Sie den Wunsch haben, Uganda intensiver kennenzulernen, setzen Sie sich gern mit unserem Partner und Freund Allan Aturinda in Verbindung. Allan betreibt als Unternehmer sein eigenes Reiseb\u00fcro \u201ePearllandsafaries\u201c, dass Ihren Aufenthalt in Uganda perfekt auf Ihre W\u00fcnsche planen und gestalten kann.<\/p>\n\n\\n\n\n<p>Gern unterst\u00fctzt auch unser TOGETHER \u2013 Team bei Ihrer Reiseplanung. \u00a0Sprechen Sie uns an, und wir vermitteln direkt einen Kontakt nach Uganda.<\/p>\n\n\\n\n\n<p>Webseite: <a href=\\\"https:\/\/pearllandsafaries.com\\\" target=\\\"_blank\\\" rel=\\\"noopener\\\">https:\/\/pearllandsafaries.com<img src=\\\"https:\/\/martin-forciniti.net\/tohifu\/wp-content\/uploads\/2025\/06\/pearlandlogo2-300x58.png\\\" alt=\\\"\\\" width=\\\"316\\\" height=\\\"61\\\" class=\\\"wp-image-998 alignnone\\\" \/><\/a><\/p>\n\n\\n\n\n<p>E-Mail: <a href=\\\"mailto:info@pearllandsafaris.com\\\">info@pearllandsafaris.com<\/a><\/p>\n\n\\n\n\n<p>Telefon: +256-414-231644 \u00a0oder +256-772-498064<\/p>\n\n\",\"margin_bottom\":\"default\",\"margin_top\":\"default\"}}]},{\"type\":\"column\",\"props\":{\"image_position\":\"center-center\",\"position_sticky_breakpoint\":\"m\",\"style\":\"card-secondary\",\"width_medium\":\"1-4\"},\"children\":[{\"type\":\"image\",\"props\":{\"image\":\"wp-content\/uploads\/2025\/06\/IMG_5410.jpg\",\"image_svg_color\":\"emphasis\",\"margin_bottom\":\"default\",\"margin_top\":\"default\"}},{\"type\":\"divider\",\"props\":{\"divider_element\":\"hr\",\"divider_style\":\"small\"}},{\"type\":\"text\",\"props\":{\"column_breakpoint\":\"m\",\"content\":\"\n\n<h4>Spendenportal<\/h4>\n\n\",\"margin_bottom\":\"default\",\"margin_top\":\"default\"},\"name\":\"Spendenportal \u00dcberschrift\"},{\"type\":\"image\",\"props\":{\"image\":\"wp-content\/uploads\/2025\/06\/pax-bank1.png\",\"image_svg_color\":\"emphasis\",\"margin_bottom\":\"default\",\"margin_top\":\"default\"},\"name\":\"Pax-Bank Bild\"},{\"type\":\"text\",\"props\":{\"column_breakpoint\":\"m\",\"content\":\"\n\n<p>Beim Klick auf den Button SPENDEN werden Sie auf die Seite unseres Partners, der Pax-Bank f\u00fcr Kirche und Caritas in Paderborn weitergeleitet. Dort haben Sie die M\u00f6glichkeit, Ihre Spende verschiedenen Projekten unseres Vereins zuzuordnen. Wir bedanken uns schon jetzt f\u00fcr Ihre Hilfe!<\/p>\n\n\",\"margin_bottom\":\"default\",\"margin_top\":\"default\",\"text_style\":\"small\"},\"name\":\"Pax-Text\"},{\"type\":\"button\",\"props\":{\"button_size\":\"large\",\"grid_column_gap\":\"small\",\"grid_row_gap\":\"small\",\"margin_bottom\":\"default\",\"margin_top\":\"default\"},\"children\":[{\"type\":\"button_item\",\"props\":{\"button_style\":\"secondary\",\"content\":\"Spenden\",\"dialog_layout\":\"modal\",\"dialog_offcanvas_flip\":true,\"icon\":\"credit-card\",\"icon_align\":\"left\",\"link\":\"https:\/\/www.bkc-spendenportal.de\/organisation-checkout.html?id=44\",\"link_target\":true}}],\"name\":\"BCK Button\"},{\"type\":\"divider\",\"props\":{\"divider_element\":\"hr\"}},{\"type\":\"image\",\"props\":{\"image\":\"wp-content\/uploads\/2025\/07\/spk-logo-druck.png\",\"image_svg_color\":\"emphasis\",\"margin_bottom\":\"default\",\"margin_top\":\"default\"},\"name\":\"Kasseler Sparkasse\"},{\"type\":\"text\",\"props\":{\"column_breakpoint\":\"m\",\"content\":\"\n\n<div>TOGETHER \u2013 Hilfe f\u00fcr Uganda e.V.<\/div>\n\n\\n\n\n<div>IBAN: DE50 5205 0353 1235 9000 00<\/div>\n\n\\n\n\n<div>BIC: HELADEF1KAS<\/div>\n\n\",\"margin_bottom\":\"default\",\"margin_top\":\"default\",\"text_style\":\"small\"},\"name\":\"Kasseler Sparkasse Konto\"}]}],\"props\":{\"divider\":true,\"layout\":\"3-4,1-4\",\"parallax\":false}},{\"type\":\"row\",\"children\":[{\"type\":\"column\",\"props\":{\"image_position\":\"center-center\",\"position_sticky_breakpoint\":\"m\"},\"children\":[{\"type\":\"button\",\"props\":{\"grid_column_gap\":\"small\",\"grid_row_gap\":\"small\",\"margin_bottom\":\"default\",\"margin_top\":\"default\"},\"children\":[{\"type\":\"button_item\",\"props\":{\"button_style\":\"secondary\",\"content\":\"zur\u00fcck\",\"dialog_layout\":\"modal\",\"dialog_offcanvas_flip\":true,\"icon\":\"reply\",\"icon_align\":\"left\",\"link\":\"?page_id=763\"}}],\"name\":\"zur\u00fcck Startseite Button\"}]}]}],\"name\":\"TOGETHER \u2022 Vorstand - Vorlage\"}],\"version\":\"5.0.18\"} --><\/p>\n","protected":false},"excerpt":{"rendered":"<p>Reisen in Uganda Uganda \u2013 Die Perle Afrikas Wie die meisten L\u00e4nder des afrikanischen Kontinents ist auch Uganda ein Land mit gro\u00dfen Herausforderungen. Dabei begleitet TOGETHER seit mehr als 25 Jahren Menschen auf Ihrem Weg, Ihre Zukunft bestm\u00f6glich zu gestalten. Wir haben immer daf\u00fcr geworben, Uganda und seine Menschen nicht ausschlie\u00dflich nur aus der Perspektive [&hellip;]<\/p>\n","protected":false},"author":1,"featured_media":0,"parent":0,"menu_order":0,"comment_status":"closed","ping_status":"closed","template":"","meta":{"footnotes":""},"class_list":["post-779","page","type-page","status-publish","hentry"],"_links":{"self":[{"href":"https:\/\/tohifu.de\/index.php?rest_route=\/wp\/v2\/pages\/779","targetHints":{"allow":["GET"]}}],"collection":[{"href":"https:\/\/tohifu.de\/index.php?rest_route=\/wp\/v2\/pages"}],"about":[{"href":"https:\/\/tohifu.de\/index.php?rest_route=\/wp\/v2\/types\/page"}],"author":[{"embeddable":true,"href":"https:\/\/tohifu.de\/index.php?rest_route=\/wp\/v2\/users\/1"}],"replies":[{"embeddable":true,"href":"https:\/\/tohifu.de\/index.php?rest_route=%2Fwp%2Fv2%2Fcomments&post=779"}],"version-history":[{"count":20,"href":"https:\/\/tohifu.de\/index.php?rest_route=\/wp\/v2\/pages\/779\/revisions"}],"predecessor-version":[{"id":1576,"href":"https:\/\/tohifu.de\/index.php?rest_route=\/wp\/v2\/pages\/779\/revisions\/1576"}],"wp:attachment":[{"href":"https:\/\/tohifu.de\/index.php?rest_route=%2Fwp%2Fv2%2Fmedia&parent=779"}],"curies":[{"name":"wp","href":"https:\/\/api.w.org\/{rel}","templated":true}]}}