{"id":449,"date":"2025-03-19T15:46:51","date_gmt":"2025-03-19T14:46:51","guid":{"rendered":"https:\/\/tohifu.de\/?page_id=449"},"modified":"2026-03-03T14:19:41","modified_gmt":"2026-03-03T13:19:41","slug":"kontakt","status":"publish","type":"page","link":"https:\/\/tohifu.de\/?page_id=449","title":{"rendered":"Kontakt"},"content":{"rendered":"<h1>Kontakt<\/h1>\n<div>\n<p>Hier k\u00f6nnen Sie uns eine Mail schreiben. Wir antworten so zeitnah als m\u00f6glich.<\/p>\n<\/div>\n<div>\n<style id=\"wpforms-css-vars-1228\">\n\t\t\t\t#wpforms-1228 {\n\t\t\t\t--wpforms-field-size-input-height: 43px;\n--wpforms-field-size-input-spacing: 15px;\n--wpforms-field-size-font-size: 16px;\n--wpforms-field-size-line-height: 19px;\n--wpforms-field-size-padding-h: 14px;\n--wpforms-field-size-checkbox-size: 16px;\n--wpforms-field-size-sublabel-spacing: 5px;\n--wpforms-field-size-icon-size: 1;\n--wpforms-label-size-font-size: 16px;\n--wpforms-label-size-line-height: 19px;\n--wpforms-label-size-sublabel-font-size: 14px;\n--wpforms-label-size-sublabel-line-height: 17px;\n--wpforms-button-size-font-size: 17px;\n--wpforms-button-size-height: 41px;\n--wpforms-button-size-padding-h: 15px;\n--wpforms-button-size-margin-top: 10px;\n--wpforms-container-shadow-size-box-shadow: none;\n\t\t\t}\n\t\t\t<\/style><div class=\"wpforms-container wpforms-container-full wpforms-render-modern\" id=\"wpforms-1228\"><form id=\"wpforms-form-1228\" class=\"wpforms-validate wpforms-form wpforms-ajax-form\" data-formid=\"1228\" method=\"post\" enctype=\"multipart\/form-data\" action=\"\/index.php?rest_route=%2Fwp%2Fv2%2Fpages%2F449\" data-token=\"9987d98388d547b88af0d6d758ab4f44\" data-token-time=\"1776575523\"><noscript class=\"wpforms-error-noscript\">Bitte aktiviere JavaScript in deinem Browser, um dieses Formular fertigzustellen.<\/noscript><div id=\"wpforms-error-noscript\" style=\"display: none;\">Bitte aktiviere JavaScript in deinem Browser, um dieses Formular fertigzustellen.<\/div><div class=\"wpforms-field-container\"><div id=\"wpforms-1228-field_1-container\" class=\"wpforms-field wpforms-field-name\" data-field-id=\"1\"><fieldset><legend class=\"wpforms-field-label\">Name <span class=\"wpforms-required-label\" aria-hidden=\"true\">*<\/span><\/legend><div class=\"wpforms-field-row wpforms-field-medium\"><div class=\"wpforms-field-row-block wpforms-first wpforms-one-half\"><input type=\"text\" id=\"wpforms-1228-field_1\" class=\"wpforms-field-name-first wpforms-field-required\" name=\"wpforms[fields][1][first]\" aria-errormessage=\"wpforms-1228-field_1-error\" required><label for=\"wpforms-1228-field_1\" class=\"wpforms-field-sublabel after\">Vorname<\/label><\/div><div class=\"wpforms-field-row-block wpforms-one-half\"><input type=\"text\" id=\"wpforms-1228-field_1-last\" class=\"wpforms-field-name-last wpforms-field-required\" name=\"wpforms[fields][1][last]\" aria-errormessage=\"wpforms-1228-field_1-last-error\" required><label for=\"wpforms-1228-field_1-last\" class=\"wpforms-field-sublabel after\">Nachname<\/label><\/div><\/div><\/fieldset><\/div>\t\t<div id=\"wpforms-1228-field_4-container\"\n\t\t\tclass=\"wpforms-field wpforms-field-text\"\n\t\t\tdata-field-type=\"text\"\n\t\t\tdata-field-id=\"4\"\n\t\t\t>\n\t\t\t<label class=\"wpforms-field-label\" for=\"wpforms-1228-field_4\" >E-Mail-Adresse Kommentar Nachricht<\/label>\n\t\t\t<input type=\"text\" id=\"wpforms-1228-field_4\" class=\"wpforms-field-medium\" name=\"wpforms[fields][4]\" >\n\t\t<\/div>\n\t\t<div id=\"wpforms-1228-field_2-container\" class=\"wpforms-field wpforms-field-email\" data-field-id=\"2\"><label class=\"wpforms-field-label\" for=\"wpforms-1228-field_2\">E-Mail-Adresse <span class=\"wpforms-required-label\" aria-hidden=\"true\">*<\/span><\/label><input type=\"email\" id=\"wpforms-1228-field_2\" class=\"wpforms-field-medium wpforms-field-required\" name=\"wpforms[fields][2]\" spellcheck=\"false\" aria-errormessage=\"wpforms-1228-field_2-error\" required><\/div><div id=\"wpforms-1228-field_3-container\" class=\"wpforms-field wpforms-field-textarea\" data-field-id=\"3\"><label class=\"wpforms-field-label\" for=\"wpforms-1228-field_3\">Kommentar oder Nachricht<\/label><textarea id=\"wpforms-1228-field_3\" class=\"wpforms-field-medium\" name=\"wpforms[fields][3]\" aria-errormessage=\"wpforms-1228-field_3-error\" ><\/textarea><\/div><script>\n\t\t\t\t( function() {\n\t\t\t\t\tconst style = document.createElement( 'style' );\n\t\t\t\t\tstyle.appendChild( document.createTextNode( '#wpforms-1228-field_4-container { position: absolute !important; overflow: hidden !important; display: inline !important; height: 1px !important; width: 1px !important; z-index: -1000 !important; padding: 0 !important; } #wpforms-1228-field_4-container input { visibility: hidden; } #wpforms-conversational-form-page #wpforms-1228-field_4-container label { counter-increment: none; }' ) );\n\t\t\t\t\tdocument.head.appendChild( style );\n\t\t\t\t\tdocument.currentScript?.remove();\n\t\t\t\t} )();\n\t\t\t<\/script><\/div><!-- .wpforms-field-container --><div class=\"wpforms-recaptcha-container wpforms-is-recaptcha wpforms-is-recaptcha-type-v2\" ><div class=\"g-recaptcha\" data-sitekey=\"6LezmDkqAAAAALcSvW7n2z-q_PzdsfaMP9fAtTp-\"><\/div><input type=\"text\" name=\"g-recaptcha-hidden\" class=\"wpforms-recaptcha-hidden\" style=\"position:absolute!important;clip:rect(0,0,0,0)!important;height:1px!important;width:1px!important;border:0!important;overflow:hidden!important;padding:0!important;margin:0!important;\" data-rule-recaptcha=\"1\"><\/div><div class=\"wpforms-submit-container\" ><input type=\"hidden\" name=\"wpforms[id]\" value=\"1228\"><input type=\"hidden\" name=\"page_title\" value=\"\"><input type=\"hidden\" name=\"page_url\" value=\"https:\/\/tohifu.de\/index.php?rest_route=\/wp\/v2\/pages\/449\"><input type=\"hidden\" name=\"url_referer\" value=\"\"><button type=\"submit\" name=\"wpforms[submit]\" id=\"wpforms-submit-1228\" class=\"wpforms-submit\" data-alt-text=\"Wird gesendet\u00a0\u2026\" data-submit-text=\"Absenden\" aria-live=\"assertive\" value=\"wpforms-submit\">Absenden<\/button><img loading=\"lazy\" decoding=\"async\" src=\"https:\/\/tohifu.de\/wp-content\/plugins\/wpforms\/assets\/images\/submit-spin.svg\" class=\"wpforms-submit-spinner\" style=\"display: none;\" width=\"26\" height=\"26\" alt=\"Wird geladen\"><\/div><\/form><\/div>  <!-- .wpforms-container --><\/div>\n<div>\n<h4>Spendenportal<\/h4>\n<\/div>\n<p><img decoding=\"async\" src=\"\/wp-content\/uploads\/2025\/06\/pax-bank1.png\" alt=\"\"><\/p>\n<div>\n<p>Beim Klick auf den Button SPENDEN werden Sie auf die Seite unseres Partners, der Pax-Bank f\u00fcr Kirche und Caritas in Paderborn weitergeleitet. Dort haben Sie die M\u00f6glichkeit, Ihre Spende verschiedenen Projekten unseres Vereins zuzuordnen. Wir bedanken uns schon jetzt f\u00fcr Ihre Hilfe!<\/p>\n<\/div>\n<p><p>\n        <a href=\"https:\/\/www.bkc-spendenportal.de\/organisation-checkout.html?id=44\">Spenden<\/a>\n    <\/p>\n<\/p>\n<hr>\n<p><img decoding=\"async\" src=\"\/wp-content\/uploads\/2025\/07\/spk-logo-druck.png\" alt=\"\"><\/p>\n<div>\n<div>TOGETHER \u2013 Hilfe f\u00fcr Uganda e.V.<\/div>\n<div>IBAN: DE50 5205 0353 1235 9000 00<\/div>\n<div>BIC: HELADEF1KAS<\/div>\n<\/div>\n<p><p>\n        <a href=\"\/?page_id=388\">zur\u00fcck<\/a>\n    <\/p>\n<\/p>\n<p><!--more--><br \/>\n<!-- {\"type\":\"layout\",\"children\":[{\"type\":\"section\",\"props\":{\"header_transparent\":true,\"header_transparent_noplaceholder\":false,\"image\":\"wp-content\/uploads\/2025\/01\/Logo_Together_2025-Background.png\",\"image_effect\":\"fixed\",\"image_position\":\"center-center\",\"image_size\":\"contain\",\"media_overlay\":\"rgba(208, 204, 196, 0.85)\",\"style\":\"default\",\"title_breakpoint\":\"xl\",\"title_position\":\"top-left\",\"title_rotation\":\"left\",\"vertical_align\":\"middle\",\"width\":\"expand\"},\"children\":[{\"type\":\"row\",\"children\":[{\"type\":\"column\",\"props\":{\"image_position\":\"center-center\",\"position_sticky_breakpoint\":\"m\"},\"children\":[{\"type\":\"headline\",\"props\":{\"content\":\"Kontakt\",\"image_align\":\"left\",\"image_margin\":\"xsmall\",\"title_decoration\":\"line\",\"title_element\":\"h1\"}}]}]},{\"type\":\"row\",\"children\":[{\"type\":\"column\",\"props\":{\"image_position\":\"center-center\",\"position_sticky_breakpoint\":\"m\"},\"children\":[{\"type\":\"text\",\"props\":{\"column_breakpoint\":\"m\",\"content\":\"\n\n<p>Hier k\u00f6nnen Sie uns eine Mail schreiben. Wir antworten so zeitnah als m\u00f6glich.<\/p>\n\n\",\"margin_bottom\":\"default\",\"margin_top\":\"default\"}}]}]},{\"type\":\"row\",\"children\":[{\"type\":\"column\",\"props\":{\"image_position\":\"center-center\",\"image_size\":\"cover\",\"position_sticky_breakpoint\":\"m\",\"width_medium\":\"3-4\"},\"children\":[{\"type\":\"html\",\"props\":{\"content\":\"[wpforms id=\\\"1228\\\"]\"}}]},{\"type\":\"column\",\"props\":{\"image_position\":\"center-center\",\"position_sticky_breakpoint\":\"m\",\"style\":\"card-secondary\",\"width_medium\":\"1-4\"},\"children\":[{\"type\":\"text\",\"props\":{\"column_breakpoint\":\"m\",\"content\":\"\n\n<h4>Spendenportal<\/h4>\n\n\",\"margin_bottom\":\"default\",\"margin_top\":\"default\"},\"name\":\"Spendenportal \u00dcberschrift\"},{\"type\":\"image\",\"props\":{\"image\":\"wp-content\/uploads\/2025\/06\/pax-bank1.png\",\"image_svg_color\":\"emphasis\",\"margin_bottom\":\"default\",\"margin_top\":\"default\"},\"name\":\"Pax-Bank Bild\"},{\"type\":\"text\",\"props\":{\"column_breakpoint\":\"m\",\"content\":\"\n\n<p>Beim Klick auf den Button SPENDEN werden Sie auf die Seite unseres Partners, der Pax-Bank f\u00fcr Kirche und Caritas in Paderborn weitergeleitet. Dort haben Sie die M\u00f6glichkeit, Ihre Spende verschiedenen Projekten unseres Vereins zuzuordnen. Wir bedanken uns schon jetzt f\u00fcr Ihre Hilfe!<\/p>\n\n\",\"margin_bottom\":\"default\",\"margin_top\":\"default\",\"text_style\":\"small\"},\"name\":\"Pax-Text\"},{\"type\":\"button\",\"props\":{\"button_size\":\"large\",\"grid_column_gap\":\"small\",\"grid_row_gap\":\"small\",\"margin_bottom\":\"default\",\"margin_top\":\"default\"},\"children\":[{\"type\":\"button_item\",\"props\":{\"button_style\":\"secondary\",\"content\":\"Spenden\",\"dialog_layout\":\"modal\",\"dialog_offcanvas_flip\":true,\"icon\":\"credit-card\",\"icon_align\":\"left\",\"link\":\"https:\/\/www.bkc-spendenportal.de\/organisation-checkout.html?id=44\",\"link_target\":true}}],\"name\":\"BCK Button\"},{\"type\":\"divider\",\"props\":{\"divider_element\":\"hr\"}},{\"type\":\"image\",\"props\":{\"image\":\"wp-content\/uploads\/2025\/07\/spk-logo-druck.png\",\"image_svg_color\":\"emphasis\",\"margin_bottom\":\"default\",\"margin_top\":\"default\"},\"name\":\"Kasseler Sparkasse\"},{\"type\":\"text\",\"props\":{\"column_breakpoint\":\"m\",\"content\":\"\n\n<div>TOGETHER \u2013 Hilfe f\u00fcr Uganda e.V.<\/div>\n\n\\n\n\n<div>IBAN: DE50 5205 0353 1235 9000 00<\/div>\n\n\\n\n\n<div>BIC: HELADEF1KAS<\/div>\n\n\",\"margin_bottom\":\"default\",\"margin_top\":\"default\",\"text_style\":\"small\"},\"name\":\"Kasseler Sparkasse Konto\"}]}],\"props\":{\"divider\":true,\"layout\":\"3-4,1-4\",\"parallax\":false}},{\"type\":\"row\",\"children\":[{\"type\":\"column\",\"props\":{\"image_position\":\"center-center\",\"position_sticky_breakpoint\":\"m\"},\"children\":[{\"type\":\"button\",\"props\":{\"grid_column_gap\":\"small\",\"grid_row_gap\":\"small\",\"margin_bottom\":\"default\",\"margin_top\":\"default\"},\"children\":[{\"type\":\"button_item\",\"props\":{\"button_style\":\"secondary\",\"content\":\"zur\u00fcck\",\"dialog_layout\":\"modal\",\"dialog_offcanvas_flip\":true,\"icon\":\"reply\",\"icon_align\":\"left\",\"link\":\"?page_id=388\"}}],\"name\":\"zur\u00fcck Startseite Button\"}]}]}],\"name\":\"TOGETHER \u2022 Leitbild - Vorlage\"}],\"version\":\"5.0.18\"} --><\/p>\n","protected":false},"excerpt":{"rendered":"<p>Kontakt Hier k\u00f6nnen Sie uns eine Mail schreiben. Wir antworten so zeitnah als m\u00f6glich. Spendenportal Beim Klick auf den Button SPENDEN werden Sie auf die Seite unseres Partners, der Pax-Bank f\u00fcr Kirche und Caritas in Paderborn weitergeleitet. Dort haben Sie die M\u00f6glichkeit, Ihre Spende verschiedenen Projekten unseres Vereins zuzuordnen. Wir bedanken uns schon jetzt f\u00fcr [&hellip;]<\/p>\n","protected":false},"author":1,"featured_media":0,"parent":0,"menu_order":0,"comment_status":"closed","ping_status":"closed","template":"","meta":{"footnotes":""},"class_list":["post-449","page","type-page","status-publish","hentry"],"_links":{"self":[{"href":"https:\/\/tohifu.de\/index.php?rest_route=\/wp\/v2\/pages\/449","targetHints":{"allow":["GET"]}}],"collection":[{"href":"https:\/\/tohifu.de\/index.php?rest_route=\/wp\/v2\/pages"}],"about":[{"href":"https:\/\/tohifu.de\/index.php?rest_route=\/wp\/v2\/types\/page"}],"author":[{"embeddable":true,"href":"https:\/\/tohifu.de\/index.php?rest_route=\/wp\/v2\/users\/1"}],"replies":[{"embeddable":true,"href":"https:\/\/tohifu.de\/index.php?rest_route=%2Fwp%2Fv2%2Fcomments&post=449"}],"version-history":[{"count":19,"href":"https:\/\/tohifu.de\/index.php?rest_route=\/wp\/v2\/pages\/449\/revisions"}],"predecessor-version":[{"id":1547,"href":"https:\/\/tohifu.de\/index.php?rest_route=\/wp\/v2\/pages\/449\/revisions\/1547"}],"wp:attachment":[{"href":"https:\/\/tohifu.de\/index.php?rest_route=%2Fwp%2Fv2%2Fmedia&parent=449"}],"curies":[{"name":"wp","href":"https:\/\/api.w.org\/{rel}","templated":true}]}}