{"id":443,"date":"2025-03-19T15:45:23","date_gmt":"2025-03-19T14:45:23","guid":{"rendered":"https:\/\/tohifu.de\/?page_id=443"},"modified":"2026-04-15T22:29:09","modified_gmt":"2026-04-15T20:29:09","slug":"vorstand","status":"publish","type":"page","link":"https:\/\/tohifu.de\/?page_id=443","title":{"rendered":"Vorstand"},"content":{"rendered":"<h1>Vorstand<\/h1>\n<div>\n<h5>Der f\u00fcnfk\u00f6pfige Vorstand von TOGETHER b\u00fcndelt die Aktivit\u00e4ten zu den Patinnen und Paten, Mitgliederinnen und Mitgliedern, zur Partnerorganisation TORUDES sowie zu den Spenderinnen und Spendern.<\/h5>\n<\/div>\n<p><img decoding=\"async\" src=\"\/wp-content\/uploads\/2025\/03\/image002.jpg\" alt=\"\"><\/p>\n<div>\n<div class=\"uk-panel uk-margin\" data-id=\"page#0-3-0-1\" data-element=\"\">Andreas Berger (Gesch\u00e4ftsf\u00fchrender Vorstand)<\/div>\n<\/div>\n<div>\n<p><a href=\"mailto:andreas.berger@tohifu.de\" base=\"\">andreas.berger@tohifu.de<\/a><\/p>\n<\/div>\n<p><img decoding=\"async\" src=\"\/wp-content\/uploads\/2026\/04\/Forciniti_Portrait_Reiner-1.jpg\" alt=\"\"><\/p>\n<div>\n<div><span>Martin Forciniti (Vorstand<\/span><span>)<\/span><\/div>\n<\/div>\n<p><img decoding=\"async\" src=\"\/wp-content\/uploads\/2025\/03\/image005.jpg\" alt=\"\"><\/p>\n<div>\n<div class=\"uk-panel uk-margin\" data-id=\"page#0-3-0-1\" data-element=\"\">\n<div><span>B\u00e4rbel Berger (Gesch\u00e4ftsf\u00fchrender Vorstand)<\/span><\/div>\n<\/div>\n<\/div>\n<div>\n<p><a href=\"mailto:baerbel.berger@tohifu.de\" base=\"\">baerbel.berger@tohifu.de<\/a><\/p>\n<\/div>\n<p><img decoding=\"async\" src=\"\/wp-content\/uploads\/2025\/03\/image006.jpg\" alt=\"\"><\/p>\n<div>\n<div class=\"uk-panel uk-margin\" data-id=\"page#0-3-0-1\" data-element=\"\"><span>G\u00fcnter W\u00f6bken (Vorstand)<\/span><\/div>\n<\/div>\n<p><img decoding=\"async\" src=\"\/wp-content\/uploads\/2026\/04\/Foto-folgt.jpg\" alt=\"\"><\/p>\n<div>\n<div class=\"uk-panel uk-margin\" data-id=\"page#0-3-0-1\" data-element=\"\">Andreas B. Brinkmann (Gesch\u00e4ftsf\u00fchrender Vorstand)<\/div>\n<\/div>\n<div>\n<div class=\"uk-panel uk-margin\" data-id=\"page#0-3-0-1\" data-element=\"\"><a href=\"mailto:andreas.b.brinkmann@tohifu.de\">andreas.b.brinkmann@tohifu.de<\/a><\/div>\n<\/div>\n<p><p>\n        <a href=\"\/?page_id=388\">zur\u00fcck<\/a>\n    <\/p>\n<\/p>\n<p><!--more--><br \/>\n<!-- {\"type\":\"layout\",\"children\":[{\"type\":\"section\",\"props\":{\"header_transparent\":true,\"header_transparent_noplaceholder\":false,\"image\":\"wp-content\/uploads\/2025\/01\/Logo_Together_2025-Background.png\",\"image_effect\":\"fixed\",\"image_position\":\"center-center\",\"image_size\":\"contain\",\"media_overlay\":\"rgba(208, 204, 196, 0.85)\",\"style\":\"default\",\"title_breakpoint\":\"xl\",\"title_position\":\"top-left\",\"title_rotation\":\"left\",\"vertical_align\":\"middle\",\"width\":\"expand\"},\"children\":[{\"type\":\"row\",\"children\":[{\"type\":\"column\",\"props\":{\"image_position\":\"center-center\",\"position_sticky_breakpoint\":\"m\"},\"children\":[{\"type\":\"headline\",\"props\":{\"content\":\"Vorstand\",\"image_align\":\"left\",\"image_margin\":\"xsmall\",\"title_decoration\":\"line\",\"title_element\":\"h1\"}}]}]},{\"type\":\"row\",\"props\":{\"divider\":true},\"children\":[{\"type\":\"column\",\"props\":{\"image_position\":\"center-center\",\"position_sticky_breakpoint\":\"m\"},\"children\":[{\"type\":\"text\",\"props\":{\"column_breakpoint\":\"m\",\"content\":\"\n\n<h5>Der f\u00fcnfk\u00f6pfige Vorstand von TOGETHER b\u00fcndelt die Aktivit\u00e4ten zu den Patinnen und Paten, Mitgliederinnen und Mitgliedern, zur Partnerorganisation TORUDES sowie zu den Spenderinnen und Spendern.<\/h5>\n\n\",\"margin_bottom\":\"default\",\"margin_top\":\"default\"}},{\"type\":\"image\",\"props\":{\"image\":\"wp-content\/uploads\/2025\/03\/image001.jpg\",\"image_svg_color\":\"emphasis\",\"margin_bottom\":\"default\",\"margin_top\":\"default\",\"status\":\"disabled\"}},{\"type\":\"text\",\"props\":{\"column_breakpoint\":\"m\",\"content\":\"\n\n<div>Der Vorstand von Together - Hilfe f\u00fcr Uganda e.V.<\/div>\n\n\\n\n\n<div>Fotos: Daum-Meemann<\/div>\n\n\",\"margin_bottom\":\"default\",\"margin_top\":\"default\",\"status\":\"disabled\"}}]}]},{\"type\":\"row\",\"children\":[{\"type\":\"column\",\"props\":{\"image_position\":\"center-center\",\"image_size\":\"cover\",\"position_sticky_breakpoint\":\"m\",\"width_medium\":\"1-3\"},\"children\":[{\"type\":\"image\",\"props\":{\"image\":\"wp-content\/uploads\/2025\/03\/image002.jpg\",\"image_height\":435,\"image_svg_color\":\"emphasis\",\"margin_bottom\":\"default\",\"margin_top\":\"default\"}},{\"type\":\"text\",\"props\":{\"column_breakpoint\":\"m\",\"content\":\"\n\n<div class=\\\"uk-panel uk-margin\\\" data-id=\\\"page#0-3-0-1\\\" data-element=\\\"\\\">Andreas Berger (Gesch\u00e4ftsf\u00fchrender Vorstand)<\/div>\n\n\",\"margin_bottom\":\"default\",\"margin_top\":\"default\"}},{\"type\":\"text\",\"props\":{\"column_breakpoint\":\"m\",\"content\":\"\n\n<p><a href=\\\"mailto:andreas.berger@tohifu.de\\\" base=\\\"\\\">andreas.berger@tohifu.de<\/a><\/p>\n\n\",\"margin_bottom\":\"default\",\"margin_top\":\"default\"}},{\"type\":\"image\",\"props\":{\"image\":\"\",\"image_height\":435,\"image_svg_color\":\"emphasis\",\"margin_bottom\":\"default\",\"margin_top\":\"default\"}},{\"type\":\"image\",\"props\":{\"image\":\"wp-content\/uploads\/2026\/04\/Forciniti_Portrait_Reiner-1.jpg\",\"image_height\":435,\"image_svg_color\":\"emphasis\",\"image_width\":450,\"margin_bottom\":\"default\",\"margin_top\":\"default\"}},{\"type\":\"text\",\"props\":{\"column_breakpoint\":\"m\",\"content\":\"\n\n<div><span>Martin Forciniti (Vorstand<\/span><span>)<\/span><\/div>\n\n\",\"margin_bottom\":\"default\",\"margin_top\":\"default\"}}]},{\"type\":\"column\",\"props\":{\"image_position\":\"center-center\",\"position_sticky_breakpoint\":\"m\",\"width_medium\":\"1-3\"},\"children\":[{\"type\":\"image\",\"props\":{\"image\":\"wp-content\/uploads\/2025\/03\/image005.jpg\",\"image_height\":435,\"image_svg_color\":\"emphasis\",\"margin_bottom\":\"default\",\"margin_top\":\"default\"}},{\"type\":\"text\",\"props\":{\"column_breakpoint\":\"m\",\"content\":\"\n\n<div class=\\\"uk-panel uk-margin\\\" data-id=\\\"page#0-3-0-1\\\" data-element=\\\"\\\">\\n\n\n<div><span>B\u00e4rbel Berger (Gesch\u00e4ftsf\u00fchrender Vorstand)<\/span><\/div>\n\n\\n<\/div>\n\n\",\"margin_bottom\":\"default\",\"margin_top\":\"default\"}},{\"type\":\"text\",\"props\":{\"column_breakpoint\":\"m\",\"content\":\"\n\n<p><a href=\\\"mailto:baerbel.berger@tohifu.de\\\" base=\\\"\\\">baerbel.berger@tohifu.de<\/a><\/p>\n\n\",\"margin_bottom\":\"default\",\"margin_top\":\"default\"}},{\"type\":\"image\",\"props\":{\"image\":\"wp-content\/uploads\/2025\/03\/image006.jpg\",\"image_height\":435,\"image_svg_color\":\"emphasis\",\"margin_bottom\":\"default\",\"margin_top\":\"default\"}},{\"type\":\"text\",\"props\":{\"column_breakpoint\":\"m\",\"content\":\"\n\n<div class=\\\"uk-panel uk-margin\\\" data-id=\\\"page#0-3-0-1\\\" data-element=\\\"\\\"><span>G\u00fcnter W\u00f6bken (Vorstand)<\/span><\/div>\n\n\",\"margin_bottom\":\"default\",\"margin_top\":\"default\"}}]},{\"type\":\"column\",\"props\":{\"image_position\":\"center-center\",\"position_sticky_breakpoint\":\"m\",\"width_medium\":\"1-3\"},\"children\":[{\"type\":\"image\",\"props\":{\"image\":\"\",\"image_height\":435,\"image_svg_color\":\"emphasis\",\"margin_bottom\":\"default\",\"margin_top\":\"default\"}},{\"type\":\"image\",\"props\":{\"image\":\"wp-content\/uploads\/2026\/04\/Foto-folgt.jpg\",\"image_height\":435,\"image_svg_color\":\"emphasis\",\"image_width\":450,\"margin_bottom\":\"default\",\"margin_top\":\"default\"}},{\"type\":\"text\",\"props\":{\"column_breakpoint\":\"m\",\"content\":\"\n\n<div class=\\\"uk-panel uk-margin\\\" data-id=\\\"page#0-3-0-1\\\" data-element=\\\"\\\">Andreas B. Brinkmann (Gesch\u00e4ftsf\u00fchrender Vorstand)<\/div>\n\n\",\"margin_bottom\":\"default\",\"margin_top\":\"default\"}},{\"type\":\"text\",\"props\":{\"column_breakpoint\":\"m\",\"content\":\"\n\n<div class=\\\"uk-panel uk-margin\\\" data-id=\\\"page#0-3-0-1\\\" data-element=\\\"\\\"><a href=\\\"mailto:andreas.b.brinkmann@tohifu.de\\\">andreas.b.brinkmann@tohifu.de<\/a><\/div>\n\n\",\"margin_bottom\":\"default\",\"margin_top\":\"default\"}}]}],\"props\":{\"divider\":true,\"layout\":\"1-3,1-3,1-3\",\"parallax\":false}},{\"type\":\"row\",\"children\":[{\"type\":\"column\",\"props\":{\"image_position\":\"center-center\",\"position_sticky_breakpoint\":\"m\"},\"children\":[{\"type\":\"button\",\"props\":{\"grid_column_gap\":\"small\",\"grid_row_gap\":\"small\",\"margin_bottom\":\"default\",\"margin_top\":\"default\"},\"children\":[{\"type\":\"button_item\",\"props\":{\"button_style\":\"secondary\",\"content\":\"zur\u00fcck\",\"dialog_layout\":\"modal\",\"dialog_offcanvas_flip\":true,\"icon\":\"reply\",\"icon_align\":\"left\",\"link\":\"?page_id=388\"}}],\"name\":\"zur\u00fcck Startseite Button\"}]}]}],\"name\":\"TOGETHER \u2022 Leitbild - Vorlage\"}],\"version\":\"5.0.28\"} --><\/p>\n","protected":false},"excerpt":{"rendered":"<p>Vorstand Der f\u00fcnfk\u00f6pfige Vorstand von TOGETHER b\u00fcndelt die Aktivit\u00e4ten zu den Patinnen und Paten, Mitgliederinnen und Mitgliedern, zur Partnerorganisation TORUDES sowie zu den Spenderinnen und Spendern. Andreas Berger (Gesch\u00e4ftsf\u00fchrender Vorstand) andreas.berger@tohifu.de Martin Forciniti (Vorstand) B\u00e4rbel Berger (Gesch\u00e4ftsf\u00fchrender Vorstand) baerbel.berger@tohifu.de G\u00fcnter W\u00f6bken (Vorstand) Andreas B. Brinkmann (Gesch\u00e4ftsf\u00fchrender Vorstand) andreas.b.brinkmann@tohifu.de zur\u00fcck<\/p>\n","protected":false},"author":1,"featured_media":0,"parent":0,"menu_order":0,"comment_status":"closed","ping_status":"closed","template":"","meta":{"footnotes":""},"class_list":["post-443","page","type-page","status-publish","hentry"],"_links":{"self":[{"href":"https:\/\/tohifu.de\/index.php?rest_route=\/wp\/v2\/pages\/443","targetHints":{"allow":["GET"]}}],"collection":[{"href":"https:\/\/tohifu.de\/index.php?rest_route=\/wp\/v2\/pages"}],"about":[{"href":"https:\/\/tohifu.de\/index.php?rest_route=\/wp\/v2\/types\/page"}],"author":[{"embeddable":true,"href":"https:\/\/tohifu.de\/index.php?rest_route=\/wp\/v2\/users\/1"}],"replies":[{"embeddable":true,"href":"https:\/\/tohifu.de\/index.php?rest_route=%2Fwp%2Fv2%2Fcomments&post=443"}],"version-history":[{"count":88,"href":"https:\/\/tohifu.de\/index.php?rest_route=\/wp\/v2\/pages\/443\/revisions"}],"predecessor-version":[{"id":1631,"href":"https:\/\/tohifu.de\/index.php?rest_route=\/wp\/v2\/pages\/443\/revisions\/1631"}],"wp:attachment":[{"href":"https:\/\/tohifu.de\/index.php?rest_route=%2Fwp%2Fv2%2Fmedia&parent=443"}],"curies":[{"name":"wp","href":"https:\/\/api.w.org\/{rel}","templated":true}]}}