{"id":438,"date":"2025-03-19T15:44:59","date_gmt":"2025-03-19T14:44:59","guid":{"rendered":"https:\/\/tohifu.de\/?page_id=438"},"modified":"2026-03-03T14:18:28","modified_gmt":"2026-03-03T13:18:28","slug":"leitbild","status":"publish","type":"page","link":"https:\/\/tohifu.de\/?page_id=438","title":{"rendered":"Leitbild"},"content":{"rendered":"<h1>Leitbild<\/h1>\n<div>\n<p><span>TOGETHER \u2013 Hilfe f\u00fcr Uganda e.V. verfolgt das Ziel, die Lebensbedingungen von Menschen in Uganda zu verbessern. Unser Handeln entwickelt die Infrastruktur sowie die schulische und berufliche Bildung der l\u00e4ndlichen Bev\u00f6lkerung. Mit unseren Projekten tragen wir nachhaltig zur Verbesserung der Infrastruktur in l\u00e4ndlichen Gebieten bei. Durch den Bau von Schulen und Berufsschulen und die Vermittlung von Ausbildungspatenschaften schaffen wir f\u00fcr die in diesen Regionen lebenden Menschen Chancen auf eine qualifizierte schulische und berufliche Bildung.<\/span><\/p>\n<p><span>Unsere Vorhaben und Projekte werden mit unseren langj\u00e4hrigen Partnern in Uganda geplant, umgesetzt und dauerhaft verfolgt. Dabei steht das Ziel der Hilfe zur Selbsthilfe im Zentrum unseres Handelns.<\/span><\/p>\n<p><span>Die Unterst\u00fctzung der Kirchengemeinden Sankt Familia in Kassel und Sankt Heinrich in Kaufungen unterstreicht unser ehrenamtliches Handeln auf der Basis \u00f6kumenisch-christlicher Wertegrundlagen. Spenden und Ausbildungshilfen leiten wir in voller H\u00f6he weiter.<\/span><\/p>\n<\/div>\n<div>\n<h4>Spendenportal<\/h4>\n<\/div>\n<p><img decoding=\"async\" src=\"\/wp-content\/uploads\/2025\/06\/pax-bank1.png\" alt=\"\"><\/p>\n<div>\n<p>Beim Klick auf den Button SPENDEN werden Sie auf die Seite unseres Partners, der Pax-Bank f\u00fcr Kirche und Caritas in Paderborn weitergeleitet. Dort haben Sie die M\u00f6glichkeit, Ihre Spende verschiedenen Projekten unseres Vereins zuzuordnen. Wir bedanken uns schon jetzt f\u00fcr Ihre Hilfe!<\/p>\n<\/div>\n<p><p>\n        <a href=\"https:\/\/www.bkc-spendenportal.de\/organisation-checkout.html?id=44\">Spenden<\/a>\n    <\/p>\n<\/p>\n<hr>\n<p><img decoding=\"async\" src=\"\/wp-content\/uploads\/2025\/07\/spk-logo-druck.png\" alt=\"\"><\/p>\n<div>\n<div>TOGETHER \u2013 Hilfe f\u00fcr Uganda e.V.<\/div>\n<div>IBAN: DE50 5205 0353 1235 9000 00<\/div>\n<div>BIC: HELADEF1KAS<\/div>\n<\/div>\n<p><p>\n        <a href=\"\/?page_id=388\">zur\u00fcck<\/a>\n    <\/p>\n<\/p>\n<p><!--more--><br \/>\n<!-- {\"type\":\"layout\",\"children\":[{\"type\":\"section\",\"props\":{\"header_transparent\":true,\"header_transparent_noplaceholder\":false,\"image\":\"wp-content\/uploads\/2025\/01\/Logo_Together_2025-Background.png\",\"image_effect\":\"fixed\",\"image_position\":\"center-center\",\"image_size\":\"contain\",\"media_overlay\":\"rgba(208, 204, 196, 0.85)\",\"style\":\"default\",\"title_breakpoint\":\"xl\",\"title_position\":\"top-left\",\"title_rotation\":\"left\",\"vertical_align\":\"middle\",\"width\":\"expand\"},\"children\":[{\"type\":\"row\",\"children\":[{\"type\":\"column\",\"props\":{\"image_position\":\"center-center\",\"position_sticky_breakpoint\":\"m\"},\"children\":[{\"type\":\"headline\",\"props\":{\"content\":\"Leitbild\",\"image_align\":\"left\",\"image_margin\":\"xsmall\",\"title_decoration\":\"line\",\"title_element\":\"h1\"}}]}]},{\"type\":\"row\",\"children\":[{\"type\":\"column\",\"props\":{\"image_position\":\"center-center\",\"image_size\":\"cover\",\"position_sticky_breakpoint\":\"m\",\"width_medium\":\"3-4\"},\"children\":[{\"type\":\"text\",\"props\":{\"column_breakpoint\":\"m\",\"content\":\"\n\n<p><span>TOGETHER \u2013 Hilfe f\u00fcr Uganda e.V. verfolgt das Ziel, die Lebensbedingungen von Menschen in Uganda zu verbessern. Unser Handeln entwickelt die Infrastruktur sowie die schulische und berufliche Bildung der l\u00e4ndlichen Bev\u00f6lkerung. Mit unseren Projekten tragen wir nachhaltig zur Verbesserung der Infrastruktur in l\u00e4ndlichen Gebieten bei. Durch den Bau von Schulen und Berufsschulen und die Vermittlung von Ausbildungspatenschaften schaffen wir f\u00fcr die in diesen Regionen lebenden Menschen Chancen auf eine qualifizierte schulische und berufliche Bildung.<\/span>\n\n<span>Unsere Vorhaben und Projekte werden mit unseren langj\u00e4hrigen Partnern in Uganda geplant, umgesetzt und dauerhaft verfolgt. Dabei steht das Ziel der Hilfe zur Selbsthilfe im Zentrum unseres Handelns.<\/span>\n\n<span>Die Unterst\u00fctzung der Kirchengemeinden Sankt Familia in Kassel und Sankt Heinrich in Kaufungen unterstreicht unser ehrenamtliches Handeln auf der Basis \u00f6kumenisch-christlicher Wertegrundlagen. Spenden und Ausbildungshilfen leiten wir in voller H\u00f6he weiter.<\/span><\/p>\n\n\",\"dropcap\":false,\"margin_bottom\":\"default\",\"margin_top\":\"default\"}}]},{\"type\":\"column\",\"props\":{\"image_position\":\"center-center\",\"position_sticky_breakpoint\":\"m\",\"style\":\"card-secondary\",\"width_medium\":\"1-4\"},\"children\":[{\"type\":\"text\",\"props\":{\"column_breakpoint\":\"m\",\"content\":\"\n\n<h4>Spendenportal<\/h4>\n\n\",\"margin_bottom\":\"default\",\"margin_top\":\"default\"}},{\"type\":\"image\",\"props\":{\"image\":\"wp-content\/uploads\/2025\/06\/pax-bank1.png\",\"image_svg_color\":\"emphasis\",\"margin_bottom\":\"default\",\"margin_top\":\"default\"},\"name\":\"Pax-Bank Bild\"},{\"type\":\"text\",\"props\":{\"column_breakpoint\":\"m\",\"content\":\"\n\n<p>Beim Klick auf den Button SPENDEN werden Sie auf die Seite unseres Partners, der Pax-Bank f\u00fcr Kirche und Caritas in Paderborn weitergeleitet. Dort haben Sie die M\u00f6glichkeit, Ihre Spende verschiedenen Projekten unseres Vereins zuzuordnen. Wir bedanken uns schon jetzt f\u00fcr Ihre Hilfe!<\/p>\n\n\",\"margin_bottom\":\"default\",\"margin_top\":\"default\",\"text_style\":\"small\"},\"name\":\"Pax-Text\"},{\"type\":\"button\",\"props\":{\"button_size\":\"large\",\"grid_column_gap\":\"small\",\"grid_row_gap\":\"small\",\"margin_bottom\":\"default\",\"margin_top\":\"default\"},\"children\":[{\"type\":\"button_item\",\"props\":{\"button_style\":\"secondary\",\"content\":\"Spenden\",\"dialog_layout\":\"modal\",\"dialog_offcanvas_flip\":true,\"icon\":\"credit-card\",\"icon_align\":\"left\",\"link\":\"https:\/\/www.bkc-spendenportal.de\/organisation-checkout.html?id=44\",\"link_target\":true}}],\"name\":\"BCK Button\"},{\"type\":\"divider\",\"props\":{\"divider_element\":\"hr\"}},{\"type\":\"image\",\"props\":{\"image\":\"wp-content\/uploads\/2025\/07\/spk-logo-druck.png\",\"image_svg_color\":\"emphasis\",\"margin_bottom\":\"default\",\"margin_top\":\"default\"},\"name\":\"Kasseler Sparkasse\"},{\"type\":\"text\",\"props\":{\"column_breakpoint\":\"m\",\"content\":\"\n\n<div>TOGETHER \u2013 Hilfe f\u00fcr Uganda e.V.<\/div>\n\n\\n\n\n<div>IBAN: DE50 5205 0353 1235 9000 00<\/div>\n\n\\n\n\n<div>BIC: HELADEF1KAS<\/div>\n\n\",\"margin_bottom\":\"default\",\"margin_top\":\"default\",\"text_style\":\"small\"},\"name\":\"Kasseler Sparkasse Konto\"}]}],\"props\":{\"divider\":true,\"layout\":\"3-4,1-4\",\"parallax\":false}},{\"type\":\"row\",\"children\":[{\"type\":\"column\",\"props\":{\"image_position\":\"center-center\",\"position_sticky_breakpoint\":\"m\"},\"children\":[{\"type\":\"button\",\"props\":{\"grid_column_gap\":\"small\",\"grid_row_gap\":\"small\",\"margin_bottom\":\"default\",\"margin_top\":\"default\"},\"children\":[{\"type\":\"button_item\",\"props\":{\"button_style\":\"secondary\",\"content\":\"zur\u00fcck\",\"dialog_layout\":\"modal\",\"dialog_offcanvas_flip\":true,\"icon\":\"reply\",\"icon_align\":\"left\",\"link\":\"?page_id=388\"}}],\"name\":\"zur\u00fcck Startseite Button\"}]}]}],\"name\":\"TOGETHER \u2022 Leitbild - Vorlage\"}],\"version\":\"5.0.18\"} --><\/p>\n","protected":false},"excerpt":{"rendered":"<p>Leitbild TOGETHER \u2013 Hilfe f\u00fcr Uganda e.V. verfolgt das Ziel, die Lebensbedingungen von Menschen in Uganda zu verbessern. Unser Handeln entwickelt die Infrastruktur sowie die schulische und berufliche Bildung der l\u00e4ndlichen Bev\u00f6lkerung. Mit unseren Projekten tragen wir nachhaltig zur Verbesserung der Infrastruktur in l\u00e4ndlichen Gebieten bei. Durch den Bau von Schulen und Berufsschulen und die [&hellip;]<\/p>\n","protected":false},"author":1,"featured_media":0,"parent":0,"menu_order":0,"comment_status":"closed","ping_status":"closed","template":"","meta":{"footnotes":""},"class_list":["post-438","page","type-page","status-publish","hentry"],"_links":{"self":[{"href":"https:\/\/tohifu.de\/index.php?rest_route=\/wp\/v2\/pages\/438","targetHints":{"allow":["GET"]}}],"collection":[{"href":"https:\/\/tohifu.de\/index.php?rest_route=\/wp\/v2\/pages"}],"about":[{"href":"https:\/\/tohifu.de\/index.php?rest_route=\/wp\/v2\/types\/page"}],"author":[{"embeddable":true,"href":"https:\/\/tohifu.de\/index.php?rest_route=\/wp\/v2\/users\/1"}],"replies":[{"embeddable":true,"href":"https:\/\/tohifu.de\/index.php?rest_route=%2Fwp%2Fv2%2Fcomments&post=438"}],"version-history":[{"count":17,"href":"https:\/\/tohifu.de\/index.php?rest_route=\/wp\/v2\/pages\/438\/revisions"}],"predecessor-version":[{"id":1545,"href":"https:\/\/tohifu.de\/index.php?rest_route=\/wp\/v2\/pages\/438\/revisions\/1545"}],"wp:attachment":[{"href":"https:\/\/tohifu.de\/index.php?rest_route=%2Fwp%2Fv2%2Fmedia&parent=438"}],"curies":[{"name":"wp","href":"https:\/\/api.w.org\/{rel}","templated":true}]}}