{"id":408,"date":"2025-03-19T15:11:26","date_gmt":"2025-03-19T14:11:26","guid":{"rendered":"https:\/\/tohifu.de\/?page_id=408"},"modified":"2026-03-16T12:07:40","modified_gmt":"2026-03-16T11:07:40","slug":"aktuelles","status":"publish","type":"page","link":"https:\/\/tohifu.de\/?page_id=408","title":{"rendered":"Aktuelles"},"content":{"rendered":"<h1>Aktuelles<\/h1>\n<h1>2026<\/h1>\n<div>\n<p>    <img decoding=\"async\" src=\"\/wp-content\/uploads\/2026\/02\/image11.jpeg\" alt=\"\"><\/p>\n<h3>P\u00e4dagogik-Praktikum in Kooki \u2013 Uganda<\/h3>\n<div>\n<p>Ein 3-monatiges studienbegleitendes Praktikum hat Hanne Springob an den St. Andrea Kaahwa Schulen in Kooki absolviert. Tats\u00e4chlich gibt es bei uns f\u00fcr Studierende verschiedener Fachrichtungen vielf\u00e4ltige M\u00f6glichkeiten, sich einzubringen und h\u00f6chst interessante Erfahrungen zu sammeln. Torudes betreibt ja sowohl Kinderg\u00e4rten und Grundschulen wie auch Oberschulen und Berufsschulen, hier gibt es viele Aufgaben f\u00fcr P\u00e4dagog:innen. Auch an unseren Krankenh\u00e4usern und in unseren Infrastrukturprojekten kann man sehr sinnvolle Arbeit leisten und dabei pr\u00e4gende Erfahrungen sammeln.<\/p>\n<p>Hier Hanne\u2019s Bericht \u00fcber ihre Zeit in Kooki \u2013 Uganda<\/p>\n<\/div>\n<p><a href=\"\/?p=1517\">weiterlesen<\/a><\/p>\n<\/div>\n<hr>\n<div>\n<p>    <img decoding=\"async\" src=\"\/wp-content\/uploads\/2026\/01\/ReiseberichtUgandavom-Dez_Jan26_Seite_01.jpg\" alt=\"\"><\/p>\n<h3>Reisebericht von B\u00e4rbel Berger und Team Dezember 2025 bis Januar 2026<\/h3>\n<p><a href=\"\/?p=1418\">weiterlesen<\/a><\/p>\n<\/div>\n<h1>2025<\/h1>\n<div>\n<\/p>\n<\/p>\n<\/div>\n<div>\n<p>    <img decoding=\"async\" src=\"\/wp-content\/uploads\/2025\/11\/Bericht_Medical_Camp_web_1-scaled.jpg\" alt=\"\"><\/p>\n<h3>Reisebericht von Heinz Classen und Team Oktober 2025<\/h3>\n<p><a href=\"\/?p=1426\">weiterlesen<\/a><\/p>\n<\/div>\n<div>\n<h4>Spendenportal<\/h4>\n<\/div>\n<p><img decoding=\"async\" src=\"\/wp-content\/uploads\/2025\/06\/pax-bank1.png\" alt=\"\"><\/p>\n<div>\n<p>Beim Klick auf den Button SPENDEN werden Sie auf die Seite unseres Partners, der Pax-Bank f\u00fcr Kirche und Caritas in Paderborn weitergeleitet. Dort haben Sie die M\u00f6glichkeit, Ihre Spende verschiedenen Projekten unseres Vereins zuzuordnen. Wir bedanken uns schon jetzt f\u00fcr Ihre Hilfe!<\/p>\n<\/div>\n<p><p>\n        <a href=\"https:\/\/www.bkc-spendenportal.de\/organisation-checkout.html?id=44\">Spenden<\/a>\n    <\/p>\n<\/p>\n<hr>\n<p><img decoding=\"async\" src=\"\/wp-content\/uploads\/2025\/07\/spk-logo-druck.png\" alt=\"\"><\/p>\n<div>\n<div>TOGETHER \u2013 Hilfe f\u00fcr Uganda e.V.<\/div>\n<div>IBAN: DE50 5205 0353 1235 9000 00<\/div>\n<div>BIC: HELADEF1KAS<\/div>\n<\/div>\n<p><p>\n        <a href=\"\/\">zur\u00fcck<\/a>\n    <\/p>\n<\/p>\n<p><!--more--><br \/>\n<!-- {\"type\":\"layout\",\"children\":[{\"type\":\"section\",\"props\":{\"header_transparent\":true,\"header_transparent_noplaceholder\":false,\"image\":\"wp-content\/uploads\/2025\/01\/Logo_Together_2025-Background.png\",\"image_effect\":\"fixed\",\"image_position\":\"center-center\",\"image_size\":\"contain\",\"media_overlay\":\"rgba(208, 204, 196, 0.85)\",\"style\":\"default\",\"title_breakpoint\":\"xl\",\"title_position\":\"top-left\",\"title_rotation\":\"left\",\"vertical_align\":\"middle\",\"width\":\"expand\"},\"children\":[{\"type\":\"row\",\"children\":[{\"type\":\"column\",\"props\":{\"image_position\":\"center-center\",\"position_sticky_breakpoint\":\"m\"},\"children\":[{\"type\":\"headline\",\"props\":{\"content\":\"Aktuelles\",\"image_align\":\"left\",\"image_margin\":\"xsmall\",\"title_decoration\":\"line\",\"title_element\":\"h1\"}}]}]},{\"type\":\"row\",\"children\":[{\"type\":\"column\",\"props\":{\"image_position\":\"center-center\",\"position_sticky_breakpoint\":\"m\",\"width_medium\":\"3-4\"},\"children\":[{\"type\":\"headline\",\"props\":{\"content\":\"2026\",\"image_align\":\"left\",\"image_margin\":\"xsmall\",\"title_decoration\":\"divider\",\"title_element\":\"h1\"}},{\"type\":\"accordion\",\"props\":{\"collapsible\":true,\"content_column_breakpoint\":\"m\",\"image_align\":\"top\",\"image_grid_breakpoint\":\"m\",\"image_grid_width\":\"1-2\",\"image_height\":1000,\"image_loading\":true,\"image_svg_color\":\"emphasis\",\"link_style\":\"secondary\",\"link_target\":false,\"link_text\":\"weiterlesen\",\"show_image\":true,\"show_link\":true},\"children\":[{\"type\":\"accordion_item\",\"props\":{\"content\":\"\n\n<p>Ein 3-monatiges studienbegleitendes Praktikum hat Hanne Springob an den St. Andrea Kaahwa Schulen in Kooki absolviert. Tats\u00e4chlich gibt es bei uns f\u00fcr Studierende verschiedener Fachrichtungen vielf\u00e4ltige M\u00f6glichkeiten, sich einzubringen und h\u00f6chst interessante Erfahrungen zu sammeln. Torudes betreibt ja sowohl Kinderg\u00e4rten und Grundschulen wie auch Oberschulen und Berufsschulen, hier gibt es viele Aufgaben f\u00fcr P\u00e4dagog:innen. Auch an unseren Krankenh\u00e4usern und in unseren Infrastrukturprojekten kann man sehr sinnvolle Arbeit leisten und dabei pr\u00e4gende Erfahrungen sammeln.<\/p>\n\n\\n\n\n<p>Hier Hanne\u2019s Bericht \u00fcber ihre Zeit in Kooki \u2013 Uganda<\/p>\n\n\",\"image\":\"wp-content\/uploads\/2026\/02\/image11.jpeg\",\"link\":\"?p=1517\",\"title\":\"P\u00e4dagogik-Praktikum in Kooki \u2013 Uganda\"}}],\"name\":\"Vorlage Projekte\"},{\"type\":\"divider\",\"props\":{\"divider_element\":\"hr\",\"divider_style\":\"icon\"}},{\"type\":\"accordion\",\"props\":{\"collapsible\":true,\"content_column_breakpoint\":\"m\",\"image_align\":\"top\",\"image_grid_breakpoint\":\"m\",\"image_grid_width\":\"1-2\",\"image_height\":1000,\"image_loading\":true,\"image_svg_color\":\"emphasis\",\"link_style\":\"secondary\",\"link_target\":false,\"link_text\":\"weiterlesen\",\"show_image\":true,\"show_link\":true},\"children\":[{\"type\":\"accordion_item\",\"props\":{\"image\":\"wp-content\/uploads\/2026\/01\/ReiseberichtUgandavom-Dez_Jan26_Seite_01.jpg\",\"link\":\"?p=1418\",\"title\":\"Reisebericht von B\u00e4rbel Berger und Team Dezember 2025 bis Januar 2026\"}}],\"name\":\"Vorlage Projekte\"},{\"type\":\"headline\",\"props\":{\"content\":\"2025\",\"image_align\":\"left\",\"image_margin\":\"xsmall\",\"title_decoration\":\"divider\",\"title_element\":\"h1\"}},{\"type\":\"text\",\"props\":{\"column_breakpoint\":\"m\",\"content\":\"\n\n\n\n\\n\n\n\n\n\\n\n\n\n\n\\n\n\n\n\n\",\"margin_bottom\":\"default\",\"margin_top\":\"default\"}},{\"type\":\"accordion\",\"props\":{\"collapsible\":true,\"content_column_breakpoint\":\"m\",\"image_align\":\"top\",\"image_grid_breakpoint\":\"m\",\"image_grid_width\":\"1-2\",\"image_height\":1000,\"image_loading\":true,\"image_svg_color\":\"emphasis\",\"link_style\":\"secondary\",\"link_target\":false,\"link_text\":\"weiterlesen\",\"show_image\":true,\"show_link\":true},\"children\":[{\"type\":\"accordion_item\",\"props\":{\"image\":\"wp-content\/uploads\/2025\/11\/Bericht_Medical_Camp_web_1-scaled.jpg\",\"link\":\"?p=1426\",\"title\":\"Reisebericht von Heinz Classen und Team Oktober 2025\"}}],\"name\":\"Vorlage Projekte\"}]},{\"type\":\"column\",\"props\":{\"image_position\":\"center-center\",\"position_sticky_breakpoint\":\"m\",\"style\":\"card-secondary\",\"width_medium\":\"1-4\"},\"children\":[{\"type\":\"text\",\"props\":{\"column_breakpoint\":\"m\",\"content\":\"\n\n<h4>Spendenportal<\/h4>\n\n\",\"margin_bottom\":\"default\",\"margin_top\":\"default\"},\"name\":\"Spendenportal \u00dcberschrift\"},{\"type\":\"image\",\"props\":{\"image\":\"wp-content\/uploads\/2025\/06\/pax-bank1.png\",\"image_svg_color\":\"emphasis\",\"margin_bottom\":\"default\",\"margin_top\":\"default\"},\"name\":\"Pax-Bank Bild\"},{\"type\":\"text\",\"props\":{\"column_breakpoint\":\"m\",\"content\":\"\n\n<p>Beim Klick auf den Button SPENDEN werden Sie auf die Seite unseres Partners, der Pax-Bank f\u00fcr Kirche und Caritas in Paderborn weitergeleitet. Dort haben Sie die M\u00f6glichkeit, Ihre Spende verschiedenen Projekten unseres Vereins zuzuordnen. Wir bedanken uns schon jetzt f\u00fcr Ihre Hilfe!<\/p>\n\n\",\"margin_bottom\":\"default\",\"margin_top\":\"default\",\"text_style\":\"small\"},\"name\":\"Pax-Text\"},{\"type\":\"button\",\"props\":{\"button_size\":\"large\",\"grid_column_gap\":\"small\",\"grid_row_gap\":\"small\",\"margin_bottom\":\"default\",\"margin_top\":\"default\"},\"children\":[{\"type\":\"button_item\",\"props\":{\"button_style\":\"secondary\",\"content\":\"Spenden\",\"dialog_layout\":\"modal\",\"dialog_offcanvas_flip\":true,\"icon\":\"credit-card\",\"icon_align\":\"left\",\"link\":\"https:\/\/www.bkc-spendenportal.de\/organisation-checkout.html?id=44\",\"link_target\":true}}],\"name\":\"BCK Button\"},{\"type\":\"divider\",\"props\":{\"divider_element\":\"hr\"}},{\"type\":\"image\",\"props\":{\"image\":\"wp-content\/uploads\/2025\/07\/spk-logo-druck.png\",\"image_svg_color\":\"emphasis\",\"margin_bottom\":\"default\",\"margin_top\":\"default\"},\"name\":\"Kasseler Sparkasse\"},{\"type\":\"text\",\"props\":{\"column_breakpoint\":\"m\",\"content\":\"\n\n<div>TOGETHER \u2013 Hilfe f\u00fcr Uganda e.V.<\/div>\n\n\\n\n\n<div>IBAN: DE50 5205 0353 1235 9000 00<\/div>\n\n\\n\n\n<div>BIC: HELADEF1KAS<\/div>\n\n\",\"margin_bottom\":\"default\",\"margin_top\":\"default\",\"text_style\":\"small\"},\"name\":\"Kasseler Sparkasse Konto\"}]}],\"props\":{\"layout\":\"3-4,1-4\"}},{\"type\":\"row\",\"children\":[{\"type\":\"column\",\"props\":{\"image_position\":\"center-center\",\"position_sticky_breakpoint\":\"m\"},\"children\":[{\"type\":\"button\",\"props\":{\"grid_column_gap\":\"small\",\"grid_row_gap\":\"small\",\"margin_bottom\":\"default\",\"margin_top\":\"default\"},\"children\":[{\"type\":\"button_item\",\"props\":{\"button_style\":\"secondary\",\"content\":\"zur\u00fcck\",\"dialog_layout\":\"modal\",\"dialog_offcanvas_flip\":true,\"icon\":\"reply\",\"icon_align\":\"left\",\"link\":\".\/\"}}],\"name\":\"zur\u00fcck Startseite Button\"}]}]}],\"name\":\"TOGETHER \u2022 Start\"}],\"version\":\"5.0.22\"} --><\/p>\n","protected":false},"excerpt":{"rendered":"<p>Aktuelles 2026 P\u00e4dagogik-Praktikum in Kooki \u2013 Uganda Ein 3-monatiges studienbegleitendes Praktikum hat Hanne Springob an den St. Andrea Kaahwa Schulen in Kooki absolviert. Tats\u00e4chlich gibt es bei uns f\u00fcr Studierende verschiedener Fachrichtungen vielf\u00e4ltige M\u00f6glichkeiten, sich einzubringen und h\u00f6chst interessante Erfahrungen zu sammeln. Torudes betreibt ja sowohl Kinderg\u00e4rten und Grundschulen wie auch Oberschulen und Berufsschulen, hier [&hellip;]<\/p>\n","protected":false},"author":1,"featured_media":0,"parent":0,"menu_order":0,"comment_status":"closed","ping_status":"closed","template":"","meta":{"footnotes":""},"class_list":["post-408","page","type-page","status-publish","hentry"],"_links":{"self":[{"href":"https:\/\/tohifu.de\/index.php?rest_route=\/wp\/v2\/pages\/408","targetHints":{"allow":["GET"]}}],"collection":[{"href":"https:\/\/tohifu.de\/index.php?rest_route=\/wp\/v2\/pages"}],"about":[{"href":"https:\/\/tohifu.de\/index.php?rest_route=\/wp\/v2\/types\/page"}],"author":[{"embeddable":true,"href":"https:\/\/tohifu.de\/index.php?rest_route=\/wp\/v2\/users\/1"}],"replies":[{"embeddable":true,"href":"https:\/\/tohifu.de\/index.php?rest_route=%2Fwp%2Fv2%2Fcomments&post=408"}],"version-history":[{"count":60,"href":"https:\/\/tohifu.de\/index.php?rest_route=\/wp\/v2\/pages\/408\/revisions"}],"predecessor-version":[{"id":1604,"href":"https:\/\/tohifu.de\/index.php?rest_route=\/wp\/v2\/pages\/408\/revisions\/1604"}],"wp:attachment":[{"href":"https:\/\/tohifu.de\/index.php?rest_route=%2Fwp%2Fv2%2Fmedia&parent=408"}],"curies":[{"name":"wp","href":"https:\/\/api.w.org\/{rel}","templated":true}]}}