{"id":3,"date":"2024-12-30T13:35:16","date_gmt":"2024-12-30T12:35:16","guid":{"rendered":"https:\/\/tohifu.de\/?page_id=3"},"modified":"2025-05-12T12:00:56","modified_gmt":"2025-05-12T10:00:56","slug":"datenschutzerklaerung","status":"publish","type":"page","link":"https:\/\/tohifu.de\/?page_id=3","title":{"rendered":"Datenschutzerkl\u00e4rung"},"content":{"rendered":"<h1>Datenschutzerkl\u00e4rung<\/h1>\n<div>\n<div data-id=\"page#0-0\" class=\"uk-grid tm-grid-expand uk-child-width-1-1 uk-grid-margin\">\n<div class=\"uk-width-1-1\" data-id=\"page#0-0-0\">\n<h1 data-id=\"page#0-0-0-0\" data-element=\"\" uk-scrollspy-class=\"\" class=\"uk-scrollspy-inview\">Impressum<\/h1>\n<div class=\"uk-panel uk-margin uk-scrollspy-inview\" data-id=\"page#0-0-0-1\" data-element=\"\" uk-scrollspy-class=\"\">\n<div><strong>Angaben gem\u00e4\u00df \u00a7 5 TMG:<\/strong><\/p>\n<p>TOGETHER &#8211; Hilfe f\u00fcr Uganda e.V.<\/p><\/div>\n<div><span>B\u00e4rbel und Andreas Berger<\/span><\/div>\n<div><span>Fasanenweg 6<\/span><\/div>\n<div><span>34266 Niestetal<\/span><\/div>\n<div><span>Tel.: 0561 5297252<\/span><\/div>\n<div><span><joomla-hidden-mail is-link=\"1\" is-email=\"1\" first=\"YmFlcmJlbC5iZXJnZXI=\" last=\"dG9oaWZ1LmRl\" text=\"YmFlcmJlbC5iZXJnZXJAdG9oaWZ1LmRl\" base=\"\"><a href=\"mailto:baerbel.berger@tohifu.de\" base=\"\">baerbel.berger@tohifu.de<\/a><\/joomla-hidden-mail><\/span><\/div>\n<div><span><joomla-hidden-mail is-link=\"1\" is-email=\"1\" first=\"YW5kcmVhcy5iZXJnZXI=\" last=\"dG9oaWZ1LmRl\" text=\"YW5kcmVhcy5iZXJnZXJAdG9oaWZ1LmRl\" base=\"\"><a href=\"mailto:andreas.berger@tohifu.de\" base=\"\">andreas.berger@tohifu.de<\/a><\/joomla-hidden-mail><\/span><\/div>\n<div><span><\/span><\/div>\n<\/div>\n<div class=\"uk-panel uk-margin uk-scrollspy-inview\" data-id=\"page#0-0-0-2\" data-element=\"\" uk-scrollspy-class=\"\">\n<div>Vertreten durch den Vorstand:<br \/>Andreas Berger<\/div>\n<div>B\u00e4rbel Berger<br \/>Heinz Cla\u00dfen<br \/>Petra Benecke<br \/>G\u00fcnter W\u00f6bken<\/div>\n<\/div>\n<\/div>\n<\/div>\n<div data-id=\"page#0-1\" class=\"uk-grid tm-grid-expand uk-child-width-1-1 uk-grid-margin\">\n<div class=\"uk-width-1-1\" data-id=\"page#0-1-0\">\n<div class=\"uk-panel uk-margin uk-scrollspy-inview\" data-id=\"page#0-1-0-0\" data-element=\"\" uk-scrollspy-class=\"\">\n<h3><span>Registereintrag:<\/span><\/h3>\n<p>Eintragung im Vereinsregister\u00a0<br \/>Registergericht: Kassel\u00a0<br \/>Registernummer: VR 2966<\/p>\n<h3><span>Umsatzsteuer-ID:<\/span><\/h3>\n<p>Umsatzsteuer-Identifikationsnummer gem\u00e4\u00df \u00a727 a Umsatzsteuergesetz:<br \/>26 250 83709<\/p>\n<h3><span>Verantwortlich f\u00fcr den Inhalt nach \u00a7 55 Abs. 2 RStV:<\/span><\/h3>\n<div><span>B\u00e4rbel und Andreas Berger<\/span><\/div>\n<div><span>Fasanenweg 6<\/span><\/div>\n<div><span>34266 Niestetal<\/span><\/div>\n<div>\u00a0<\/div>\n<div>Bankverbindung TOGETHER &#8211; Hilfe f\u00fcr Uganda e.V.<\/div>\n<div>IBAN: DE50 5205 0353 1235 9000 00<\/div>\n<div>BIC: HELADEF1KAS (Kasseler Sparkasse)<\/p>\n<p>Quelle:\u00a0<a href=\"http:\/\/www.e-recht24.de\/\"><em>http:\/\/www.e-recht24.de<\/em><\/a><\/p>\n<h3><span>Haftungsausschluss (Disclaimer)<\/span><\/h3>\n<p><strong>Haftung f\u00fcr Inhalte<\/strong><\/div>\n<p>Als Diensteanbieter sind wir gem\u00e4\u00df \u00a7 7 Abs.1 TMG f\u00fcr eigene Inhalte auf diesen Seiten nach den allgemeinen Gesetzen verantwortlich. Nach \u00a7\u00a7 8 bis 10 TMG sind wir als Diensteanbieter jedoch nicht verpflichtet, \u00fcbermittelte oder gespeicherte fremde Informationen zu \u00fcberwachen oder nach Umst\u00e4nden zu forschen, die auf eine rechtswidrige T\u00e4tigkeit hinweisen. Verpflichtungen zur Entfernung oder Sperrung der Nutzung von Informationen nach den allgemeinen Gesetzen bleiben hiervon unber\u00fchrt. Eine diesbez\u00fcgliche Haftung ist jedoch erst ab dem Zeitpunkt der Kenntnis einer konkreten Rechtsverletzung m\u00f6glich. Bei Bekanntwerden von entsprechenden Rechtsverletzungen werden wir diese Inhalte umgehend entfernen.<\/p>\n<p><strong>Haftung f\u00fcr Links<\/strong><\/p>\n<p>Unser Angebot enth\u00e4lt Links zu externen Webseiten Dritter, auf deren Inhalte wir keinen Einfluss haben. Deshalb k\u00f6nnen wir f\u00fcr diese fremden Inhalte auch keine Gew\u00e4hr \u00fcbernehmen. F\u00fcr die Inhalte der verlinkten Seiten ist stets der jeweilige Anbieter oder Betreiber der Seiten verantwortlich. Die verlinkten Seiten wurden zum Zeitpunkt der Verlinkung auf m\u00f6gliche Rechtsverst\u00f6\u00dfe \u00fcberpr\u00fcft. Rechtswidrige Inhalte waren zum Zeitpunkt der Verlinkung nicht erkennbar. Eine permanente inhaltliche Kontrolle der verlinkten Seiten ist jedoch ohne konkrete Anhaltspunkte einer Rechtsverletzung nicht zumutbar. Bei Bekanntwerden von Rechtsverletzungen werden wir derartige Links umgehend entfernen.<span>\u00a0<\/span><strong>Urheberrecht<\/strong><span>\u00a0<\/span>Die durch die Seitenbetreiber erstellten Inhalte und Werke auf diesen Seiten unterliegen dem deutschen Urheberrecht. Die Vervielf\u00e4ltigung, Bearbeitung, Verbreitung und jede Art der Verwertung au\u00dferhalb der Grenzen des Urheberrechtes bed\u00fcrfen der schriftlichen Zustimmung des jeweiligen Autors bzw. Erstellers. Downloads und Kopien dieser Seite sind nur f\u00fcr den privaten, nicht kommerziellen Gebrauch gestattet. Soweit die Inhalte auf dieser Seite nicht vom Betreiber erstellt wurden, werden die Urheberrechte Dritter beachtet. Insbesondere werden Inhalte Dritter als solche gekennzeichnet. Sollten Sie trotzdem auf eine Urheberrechtsverletzung aufmerksam werden, bitten wir um einen entsprechenden Hinweis. Bei Bekanntwerden von Rechtsverletzungen werden wir derartige Inhalte umgehend entfernen.<\/p>\n<\/div>\n<\/div>\n<\/div>\n<\/div>\n<p><p>\n        <a href=\"\/tohifu\/\">zur\u00fcck<\/a>\n    <\/p>\n<\/p>\n<p><!--more--><br \/>\n<!-- {\"type\":\"layout\",\"children\":[{\"type\":\"section\",\"props\":{\"header_transparent\":true,\"header_transparent_noplaceholder\":false,\"image\":\"wp-content\\\/uploads\\\/2025\\\/01\\\/Logo_Together_2025-Background.png\",\"image_effect\":\"fixed\",\"image_position\":\"center-center\",\"image_size\":\"contain\",\"media_overlay\":\"rgba(208, 204, 196, 0.85)\",\"style\":\"default\",\"title_breakpoint\":\"xl\",\"title_position\":\"top-left\",\"title_rotation\":\"left\",\"vertical_align\":\"middle\",\"width\":\"expand\"},\"children\":[{\"type\":\"row\",\"children\":[{\"type\":\"column\",\"props\":{\"image_position\":\"center-center\",\"position_sticky_breakpoint\":\"m\"},\"children\":[{\"type\":\"headline\",\"props\":{\"content\":\"Datenschutzerkl\\u00e4rung\",\"title_decoration\":\"line\",\"title_element\":\"h1\"}}]}]},{\"type\":\"row\",\"children\":[{\"type\":\"column\",\"props\":{\"image_position\":\"center-center\",\"image_size\":\"cover\",\"position_sticky_breakpoint\":\"m\"},\"children\":[{\"type\":\"text\",\"props\":{\"column_breakpoint\":\"m\",\"content\":\"\n\n<div data-id=\\\"page#0-0\\\" class=\\\"uk-grid tm-grid-expand uk-child-width-1-1 uk-grid-margin\\\">\\n\n\n<div class=\\\"uk-width-1-1\\\" data-id=\\\"page#0-0-0\\\">\\n\n\n<h1 data-id=\\\"page#0-0-0-0\\\" data-element=\\\"\\\" uk-scrollspy-class=\\\"\\\" class=\\\"uk-scrollspy-inview\\\">Impressum<\\\/h1>\\n\n\n<div class=\\\"uk-panel uk-margin uk-scrollspy-inview\\\" data-id=\\\"page#0-0-0-1\\\" data-element=\\\"\\\" uk-scrollspy-class=\\\"\\\">\\n\n\n<div><strong>Angaben gem\\u00e4\\u00df \\u00a7 5 TMG:<\\\/strong><br \\\/><br \\\/>TOGETHER - Hilfe f\\u00fcr Uganda e.V.<\\\/div>\\n\n\n<div><span>B\\u00e4rbel und Andreas Berger<\\\/span><\\\/div>\\n\n\n<div><span>Fasanenweg 6<\\\/span><\\\/div>\\n\n\n<div><span>34266 Niestetal<\\\/span><\\\/div>\\n\n\n<div><span>Tel.: 0561 5297252<\\\/span><\\\/div>\\n\n\n<div><span><joomla-hidden-mail is-link=\\\"1\\\" is-email=\\\"1\\\" first=\\\"YmFlcmJlbC5iZXJnZXI=\\\" last=\\\"dG9oaWZ1LmRl\\\" text=\\\"YmFlcmJlbC5iZXJnZXJAdG9oaWZ1LmRl\\\" base=\\\"\\\"><a href=\\\"mailto:baerbel.berger@tohifu.de\\\" base=\\\"\\\">baerbel.berger@tohifu.de<\\\/a><\\\/joomla-hidden-mail><\\\/span><\\\/div>\\n\n\n<div><span><joomla-hidden-mail is-link=\\\"1\\\" is-email=\\\"1\\\" first=\\\"YW5kcmVhcy5iZXJnZXI=\\\" last=\\\"dG9oaWZ1LmRl\\\" text=\\\"YW5kcmVhcy5iZXJnZXJAdG9oaWZ1LmRl\\\" base=\\\"\\\"><a href=\\\"mailto:andreas.berger@tohifu.de\\\" base=\\\"\\\">andreas.berger@tohifu.de<\\\/a><\\\/joomla-hidden-mail><\\\/span><\\\/div>\\n\n\n<div><span><\\\/span><\\\/div>\\n<\\\/div>\\n\n\n<div class=\\\"uk-panel uk-margin uk-scrollspy-inview\\\" data-id=\\\"page#0-0-0-2\\\" data-element=\\\"\\\" uk-scrollspy-class=\\\"\\\">\\n\n\n<div>Vertreten durch den Vorstand:<br \\\/>Andreas Berger<\\\/div>\\n\n\n<div>B\\u00e4rbel Berger<br \\\/>Heinz Cla\\u00dfen<br \\\/>Petra Benecke<br \\\/>G\\u00fcnter W\\u00f6bken<\\\/div>\\n<\\\/div>\\n<\\\/div>\\n<\\\/div>\\n\n\n<div data-id=\\\"page#0-1\\\" class=\\\"uk-grid tm-grid-expand uk-child-width-1-1 uk-grid-margin\\\">\\n\n\n<div class=\\\"uk-width-1-1\\\" data-id=\\\"page#0-1-0\\\">\\n\n\n<div class=\\\"uk-panel uk-margin uk-scrollspy-inview\\\" data-id=\\\"page#0-1-0-0\\\" data-element=\\\"\\\" uk-scrollspy-class=\\\"\\\">\\n\n\n<h3><span>Registereintrag:<\\\/span><\\\/h3>\\n\n\n<p>Eintragung im Vereinsregister\\u00a0<br \\\/>Registergericht: Kassel\\u00a0<br \\\/>Registernummer: VR 2966<\\\/p>\\n\n\n<h3><span>Umsatzsteuer-ID:<\\\/span><\\\/h3>\\n\n\n<p>Umsatzsteuer-Identifikationsnummer gem\\u00e4\\u00df \\u00a727 a Umsatzsteuergesetz:<br \\\/>26 250 83709<\\\/p>\\n\n\n<h3><span>Verantwortlich f\\u00fcr den Inhalt nach \\u00a7 55 Abs. 2 RStV:<\\\/span><\\\/h3>\\n\n\n<div><span>B\\u00e4rbel und Andreas Berger<\\\/span><\\\/div>\\n\n\n<div><span>Fasanenweg 6<\\\/span><\\\/div>\\n\n\n<div><span>34266 Niestetal<\\\/span><\\\/div>\\n\n\n<div>\\u00a0<\\\/div>\\n\n\n<div>Bankverbindung TOGETHER - Hilfe f\\u00fcr Uganda e.V.<\\\/div>\\n\n\n<div>IBAN: DE50 5205 0353 1235 9000 00<\\\/div>\\n\n\n<div>BIC: HELADEF1KAS (Kasseler Sparkasse)<br \\\/><br \\\/>Quelle:\\u00a0<a href=\\\"http:\\\/\\\/www.e-recht24.de\\\/\\\"><em>http:\\\/\\\/www.e-recht24.de<\\\/em><\\\/a>\\n\n\n<h3><span>Haftungsausschluss (Disclaimer)<\\\/span><\\\/h3>\\n<strong>Haftung f\\u00fcr Inhalte<\\\/strong><\\\/div>\\n\n\n<p>Als Diensteanbieter sind wir gem\\u00e4\\u00df \\u00a7 7 Abs.1 TMG f\\u00fcr eigene Inhalte auf diesen Seiten nach den allgemeinen Gesetzen verantwortlich. Nach \\u00a7\\u00a7 8 bis 10 TMG sind wir als Diensteanbieter jedoch nicht verpflichtet, \\u00fcbermittelte oder gespeicherte fremde Informationen zu \\u00fcberwachen oder nach Umst\\u00e4nden zu forschen, die auf eine rechtswidrige T\\u00e4tigkeit hinweisen. Verpflichtungen zur Entfernung oder Sperrung der Nutzung von Informationen nach den allgemeinen Gesetzen bleiben hiervon unber\\u00fchrt. Eine diesbez\\u00fcgliche Haftung ist jedoch erst ab dem Zeitpunkt der Kenntnis einer konkreten Rechtsverletzung m\\u00f6glich. Bei Bekanntwerden von entsprechenden Rechtsverletzungen werden wir diese Inhalte umgehend entfernen.<\\\/p>\\n\n\n<p><strong>Haftung f\\u00fcr Links<\\\/strong><\\\/p>\\n\n\n<p>Unser Angebot enth\\u00e4lt Links zu externen Webseiten Dritter, auf deren Inhalte wir keinen Einfluss haben. Deshalb k\\u00f6nnen wir f\\u00fcr diese fremden Inhalte auch keine Gew\\u00e4hr \\u00fcbernehmen. F\\u00fcr die Inhalte der verlinkten Seiten ist stets der jeweilige Anbieter oder Betreiber der Seiten verantwortlich. Die verlinkten Seiten wurden zum Zeitpunkt der Verlinkung auf m\\u00f6gliche Rechtsverst\\u00f6\\u00dfe \\u00fcberpr\\u00fcft. Rechtswidrige Inhalte waren zum Zeitpunkt der Verlinkung nicht erkennbar. Eine permanente inhaltliche Kontrolle der verlinkten Seiten ist jedoch ohne konkrete Anhaltspunkte einer Rechtsverletzung nicht zumutbar. Bei Bekanntwerden von Rechtsverletzungen werden wir derartige Links umgehend entfernen.<span>\\u00a0<\\\/span><strong>Urheberrecht<\\\/strong><span>\\u00a0<\\\/span>Die durch die Seitenbetreiber erstellten Inhalte und Werke auf diesen Seiten unterliegen dem deutschen Urheberrecht. Die Vervielf\\u00e4ltigung, Bearbeitung, Verbreitung und jede Art der Verwertung au\\u00dferhalb der Grenzen des Urheberrechtes bed\\u00fcrfen der schriftlichen Zustimmung des jeweiligen Autors bzw. Erstellers. Downloads und Kopien dieser Seite sind nur f\\u00fcr den privaten, nicht kommerziellen Gebrauch gestattet. Soweit die Inhalte auf dieser Seite nicht vom Betreiber erstellt wurden, werden die Urheberrechte Dritter beachtet. Insbesondere werden Inhalte Dritter als solche gekennzeichnet. Sollten Sie trotzdem auf eine Urheberrechtsverletzung aufmerksam werden, bitten wir um einen entsprechenden Hinweis. Bei Bekanntwerden von Rechtsverletzungen werden wir derartige Inhalte umgehend entfernen.<\\\/p>\\n<\\\/div>\\n<\\\/div>\\n<\\\/div>\",\"margin\":\"default\"}}]}],\"props\":{\"divider\":true,\"parallax\":false}},{\"type\":\"row\",\"children\":[{\"type\":\"column\",\"props\":{\"image_position\":\"center-center\",\"position_sticky_breakpoint\":\"m\"},\"children\":[{\"type\":\"button\",\"props\":{\"grid_column_gap\":\"small\",\"grid_row_gap\":\"small\",\"margin\":\"default\"},\"children\":[{\"type\":\"button_item\",\"props\":{\"button_style\":\"secondary\",\"content\":\"zur\\u00fcck\",\"dialog_layout\":\"modal\",\"dialog_offcanvas_flip\":true,\"icon\":\"reply\",\"icon_align\":\"left\",\"link\":\".\\\/\"}}],\"name\":\"zur\\u00fcck Startseite Button\"}]}]}],\"name\":\"TOGETHER \\u2022 Leitbild - Vorlage\"}],\"version\":\"4.5.15\"} --><\/p>\n","protected":false},"excerpt":{"rendered":"<p>Datenschutzerkl\u00e4rung Impressum Angaben gem\u00e4\u00df \u00a7 5 TMG: TOGETHER &#8211; Hilfe f\u00fcr Uganda e.V. B\u00e4rbel und Andreas Berger Fasanenweg 6 34266 Niestetal Tel.: 0561 5297252 baerbel.berger@tohifu.de andreas.berger@tohifu.de Vertreten durch den Vorstand:Andreas Berger B\u00e4rbel BergerHeinz Cla\u00dfenPetra BeneckeG\u00fcnter W\u00f6bken Registereintrag: Eintragung im Vereinsregister\u00a0Registergericht: Kassel\u00a0Registernummer: VR 2966 Umsatzsteuer-ID: Umsatzsteuer-Identifikationsnummer gem\u00e4\u00df \u00a727 a Umsatzsteuergesetz:26 250 83709 Verantwortlich f\u00fcr den Inhalt [&hellip;]<\/p>\n","protected":false},"author":1,"featured_media":0,"parent":0,"menu_order":0,"comment_status":"closed","ping_status":"open","template":"","meta":{"footnotes":""},"class_list":["post-3","page","type-page","status-publish","hentry"],"_links":{"self":[{"href":"https:\/\/tohifu.de\/index.php?rest_route=\/wp\/v2\/pages\/3","targetHints":{"allow":["GET"]}}],"collection":[{"href":"https:\/\/tohifu.de\/index.php?rest_route=\/wp\/v2\/pages"}],"about":[{"href":"https:\/\/tohifu.de\/index.php?rest_route=\/wp\/v2\/types\/page"}],"author":[{"embeddable":true,"href":"https:\/\/tohifu.de\/index.php?rest_route=\/wp\/v2\/users\/1"}],"replies":[{"embeddable":true,"href":"https:\/\/tohifu.de\/index.php?rest_route=%2Fwp%2Fv2%2Fcomments&post=3"}],"version-history":[{"count":4,"href":"https:\/\/tohifu.de\/index.php?rest_route=\/wp\/v2\/pages\/3\/revisions"}],"predecessor-version":[{"id":927,"href":"https:\/\/tohifu.de\/index.php?rest_route=\/wp\/v2\/pages\/3\/revisions\/927"}],"wp:attachment":[{"href":"https:\/\/tohifu.de\/index.php?rest_route=%2Fwp%2Fv2%2Fmedia&parent=3"}],"curies":[{"name":"wp","href":"https:\/\/api.w.org\/{rel}","templated":true}]}}