{"id":287,"date":"2025-01-01T12:43:36","date_gmt":"2025-01-01T11:43:36","guid":{"rendered":"https:\/\/tohifu.de\/?page_id=287"},"modified":"2026-03-19T09:05:29","modified_gmt":"2026-03-19T08:05:29","slug":"together-mitmachen","status":"publish","type":"page","link":"https:\/\/tohifu.de\/?page_id=287","title":{"rendered":"TOGETHER \u2022 Mitmachen"},"content":{"rendered":"<h1>Mitmachen<\/h1>\n<div>\n<h3 class=\"p1\">Werden Sie Chancengeber<\/h3>\n<\/div>\n<div>\n<p>Neben dem ehrenamtlichen Engagement sind Spenden und F\u00f6rdermittel wichtig, damit wir von TOGETHER in Uganda f\u00fcr die Menschen konkrete Unterst\u00fctzung leisten k\u00f6nnen. Jede Spende ist ein Beitrag zur Verbesserung der Lebenschancen f\u00fcr Kinder und ihre Familien.<\/p>\n<p class=\"p1\">Egal, ob Sie sich f\u00fcr eine Schulpatenschaft, eine Mitgliedschaft im Verein oder f\u00fcr eine Spende entscheiden: Die Kinder und Familien erhalten durch Ihre Unterst\u00fctzung Chancen f\u00fcr eine gute Schulbildung, Berufsausbildung und Gesundheit. Die Erfolge der vergangenen 25 Jahre zeigen, dass auf diesem Weg die Lebenssituation der Menschen erheblich verbessert werden konnte.<\/p>\n<h5 class=\"p2\"><strong>Sie m\u00f6chten uns unterst\u00fctzen? Auf diesen Wegen ist es m\u00f6glich:<\/strong><\/h5>\n<h3 class=\"p1\">Schulpatenschaft<\/h3>\n<p class=\"p1\">\u00dcbernehmen Sie eine pers\u00f6nliche Patenschaft. Ein Kind kann ab 30 Euro monatlich die Sekundarstufe besuchen.\u00a0 Oder \u00fcbernehmen Sie eine Klassenpatenschaft f\u00fcr zehn Kinder in der Grundschule ab 25 Euro monatlich.<\/p>\n<h3 class=\"p1\">Mitgliedschaft in unserem Verein<\/h3>\n<p class=\"p1\">Mit einem Mindestbetrag von 20 Euro pro Jahr werden Sie als Mitglied regelm\u00e4\u00dfig \u00fcber die Projekte und unsere Arbeit informiert und zu Veranstaltungen eingeladen. Die anfallenden Kosten f\u00fcr Buchhaltung und Post k\u00f6nnen wir so finanzieren.<\/p>\n<p>Beim Klick auf den folgenden Button k\u00f6nnen Sie sich den Antrag auf Mitgliedschaft herunterladen.<\/p>\n<\/p>\n<\/div>\n<p><p>\n        <a href=\"\/wp-content\/uploads\/2026\/03\/EE-Mitgliedschaft-2025_V1.3.pdf\">Antrag auf Mitgliedschaft<\/a>\n    <\/p>\n<\/p>\n<div>\n<h3 class=\"p1\">Spenden<\/h3>\n<p class=\"p1\">Jede Spende hilft! Das Geld flie\u00dft zu 100 % in eines unserer Projekte in Uganda. Freie wie zweckgebundene Spenden sind m\u00f6glich.<\/p>\n<\/p>\n<\/div>\n<div>\n<h4>Spendenportal<\/h4>\n<\/div>\n<p><img decoding=\"async\" src=\"\/wp-content\/uploads\/2025\/06\/pax-bank1.png\" alt=\"\"><\/p>\n<div>\n<p>Beim Klick auf den Button SPENDEN werden Sie auf die Seite unseres Partners, der Pax-Bank f\u00fcr Kirche und Caritas in Paderborn weitergeleitet. Dort haben Sie die M\u00f6glichkeit, Ihre Spende verschiedenen Projekten unseres Vereins zuzuordnen. Wir bedanken uns schon jetzt f\u00fcr Ihre Hilfe!<\/p>\n<\/div>\n<p><p>\n        <a href=\"https:\/\/www.bkc-spendenportal.de\/organisation-checkout.html?id=44\">Spenden<\/a>\n    <\/p>\n<\/p>\n<hr>\n<p><img decoding=\"async\" src=\"\/wp-content\/uploads\/2025\/07\/spk-logo-druck.png\" alt=\"\"><\/p>\n<div>\n<div>TOGETHER \u2013 Hilfe f\u00fcr Uganda e.V.<\/div>\n<div>IBAN: DE50 5205 0353 1235 9000 00<\/div>\n<div>BIC: HELADEF1KAS<\/div>\n<\/div>\n<p><p>\n        <a href=\"\/#id5\">zur\u00fcck<\/a>\n    <\/p>\n<\/p>\n<p><!--more--><br \/>\n<!-- {\"type\":\"layout\",\"children\":[{\"type\":\"section\",\"props\":{\"header_transparent\":true,\"header_transparent_noplaceholder\":false,\"image\":\"wp-content\/uploads\/2025\/01\/Logo_Together_2025-Background.png\",\"image_effect\":\"fixed\",\"image_position\":\"center-center\",\"image_size\":\"contain\",\"media_overlay\":\"rgba(208, 204, 196, 0.85)\",\"style\":\"default\",\"title_breakpoint\":\"xl\",\"title_position\":\"top-left\",\"title_rotation\":\"left\",\"vertical_align\":\"middle\",\"width\":\"expand\"},\"children\":[{\"type\":\"row\",\"children\":[{\"type\":\"column\",\"props\":{\"image_position\":\"center-center\",\"position_sticky_breakpoint\":\"m\"},\"children\":[{\"type\":\"headline\",\"props\":{\"content\":\"Mitmachen\",\"image_align\":\"left\",\"image_margin\":\"xsmall\",\"title_decoration\":\"line\",\"title_element\":\"h1\"}}]}]},{\"type\":\"row\",\"children\":[{\"type\":\"column\",\"props\":{\"image_position\":\"center-center\",\"image_size\":\"cover\",\"position_sticky_breakpoint\":\"m\",\"width_medium\":\"3-4\"},\"children\":[{\"type\":\"text\",\"props\":{\"column_breakpoint\":\"m\",\"content\":\"\n\n<h3 class=\\\"p1\\\">Werden Sie Chancengeber<\/h3>\n\n\",\"margin_bottom\":\"default\",\"margin_top\":\"default\"}},{\"type\":\"text\",\"props\":{\"column_breakpoint\":\"m\",\"content\":\"\n\n<p>Neben dem ehrenamtlichen Engagement sind Spenden und F\u00f6rdermittel wichtig, damit wir von TOGETHER in Uganda f\u00fcr die Menschen konkrete Unterst\u00fctzung leisten k\u00f6nnen. Jede Spende ist ein Beitrag zur Verbesserung der Lebenschancen f\u00fcr Kinder und ihre Familien.<\/p>\n\n\\n\n\n<p class=\\\"p1\\\">Egal, ob Sie sich f\u00fcr eine Schulpatenschaft, eine Mitgliedschaft im Verein oder f\u00fcr eine Spende entscheiden: Die Kinder und Familien erhalten durch Ihre Unterst\u00fctzung Chancen f\u00fcr eine gute Schulbildung, Berufsausbildung und Gesundheit. Die Erfolge der vergangenen 25 Jahre zeigen, dass auf diesem Weg die Lebenssituation der Menschen erheblich verbessert werden konnte.<\/p>\n\n\\n\n\n<h5 class=\\\"p2\\\"><strong>Sie m\u00f6chten uns unterst\u00fctzen? Auf diesen Wegen ist es m\u00f6glich:<\/strong><\/h5>\n\n\\n\n\n<h3 class=\\\"p1\\\">Schulpatenschaft<\/h3>\n\n\\n\n\n<p class=\\\"p1\\\">\u00dcbernehmen Sie eine pers\u00f6nliche Patenschaft. Ein Kind kann ab 30 Euro monatlich die Sekundarstufe besuchen.\u00a0 Oder \u00fcbernehmen Sie eine Klassenpatenschaft f\u00fcr zehn Kinder in der Grundschule ab 25 Euro monatlich.<\/p>\n\n\\n\n\n<h3 class=\\\"p1\\\">Mitgliedschaft in unserem Verein<\/h3>\n\n\\n\n\n<p class=\\\"p1\\\">Mit einem Mindestbetrag von 20 Euro pro Jahr werden Sie als Mitglied regelm\u00e4\u00dfig \u00fcber die Projekte und unsere Arbeit informiert und zu Veranstaltungen eingeladen. Die anfallenden Kosten f\u00fcr Buchhaltung und Post k\u00f6nnen wir so finanzieren.<\/p>\n\n\\n\n\n<p>Beim Klick auf den folgenden Button k\u00f6nnen Sie sich den Antrag auf Mitgliedschaft herunterladen.<\/p>\n\n\\n\n\n\n\n\",\"margin_bottom\":\"default\",\"margin_top\":\"default\"}},{\"type\":\"button\",\"props\":{\"grid_column_gap\":\"small\",\"grid_row_gap\":\"small\",\"margin_bottom\":\"default\",\"margin_top\":\"default\"},\"children\":[{\"type\":\"button_item\",\"props\":{\"button_style\":\"secondary\",\"content\":\"Antrag auf Mitgliedschaft\",\"dialog_layout\":\"modal\",\"dialog_offcanvas_flip\":true,\"icon\":\"file-pdf\",\"icon_align\":\"left\",\"link\":\"wp-content\/uploads\/2026\/03\/EE-Mitgliedschaft-2025_V1.3.pdf\",\"link_download\":true,\"link_target\":false}}]},{\"type\":\"text\",\"props\":{\"column_breakpoint\":\"m\",\"content\":\"\n\n<h3 class=\\\"p1\\\">Spenden<\/h3>\n\n\\n\n\n<p class=\\\"p1\\\">Jede Spende hilft! Das Geld flie\u00dft zu 100 % in eines unserer Projekte in Uganda. Freie wie zweckgebundene Spenden sind m\u00f6glich.<\/p>\n\n\\n\n\n\n\n\",\"margin_bottom\":\"default\",\"margin_top\":\"default\"}}]},{\"type\":\"column\",\"props\":{\"image_position\":\"center-center\",\"position_sticky_breakpoint\":\"m\",\"style\":\"card-secondary\",\"width_medium\":\"1-4\"},\"children\":[{\"type\":\"text\",\"props\":{\"column_breakpoint\":\"m\",\"content\":\"\n\n<h4>Spendenportal<\/h4>\n\n\",\"margin_bottom\":\"default\",\"margin_top\":\"default\"},\"name\":\"Spendenportal \u00dcberschrift\"},{\"type\":\"image\",\"props\":{\"image\":\"wp-content\/uploads\/2025\/06\/pax-bank1.png\",\"image_svg_color\":\"emphasis\",\"margin_bottom\":\"default\",\"margin_top\":\"default\"},\"name\":\"Pax-Bank Bild\"},{\"type\":\"text\",\"props\":{\"column_breakpoint\":\"m\",\"content\":\"\n\n<p>Beim Klick auf den Button SPENDEN werden Sie auf die Seite unseres Partners, der Pax-Bank f\u00fcr Kirche und Caritas in Paderborn weitergeleitet. Dort haben Sie die M\u00f6glichkeit, Ihre Spende verschiedenen Projekten unseres Vereins zuzuordnen. Wir bedanken uns schon jetzt f\u00fcr Ihre Hilfe!<\/p>\n\n\",\"margin_bottom\":\"default\",\"margin_top\":\"default\",\"text_style\":\"small\"},\"name\":\"Pax-Text\"},{\"type\":\"button\",\"props\":{\"button_size\":\"large\",\"grid_column_gap\":\"small\",\"grid_row_gap\":\"small\",\"margin_bottom\":\"default\",\"margin_top\":\"default\"},\"children\":[{\"type\":\"button_item\",\"props\":{\"button_style\":\"secondary\",\"content\":\"Spenden\",\"dialog_layout\":\"modal\",\"dialog_offcanvas_flip\":true,\"icon\":\"credit-card\",\"icon_align\":\"left\",\"link\":\"https:\/\/www.bkc-spendenportal.de\/organisation-checkout.html?id=44\",\"link_target\":true}}],\"name\":\"BCK Button\"},{\"type\":\"divider\",\"props\":{\"divider_element\":\"hr\"}},{\"type\":\"image\",\"props\":{\"image\":\"wp-content\/uploads\/2025\/07\/spk-logo-druck.png\",\"image_svg_color\":\"emphasis\",\"margin_bottom\":\"default\",\"margin_top\":\"default\"},\"name\":\"Kasseler Sparkasse\"},{\"type\":\"text\",\"props\":{\"column_breakpoint\":\"m\",\"content\":\"\n\n<div>TOGETHER \u2013 Hilfe f\u00fcr Uganda e.V.<\/div>\n\n\\n\n\n<div>IBAN: DE50 5205 0353 1235 9000 00<\/div>\n\n\\n\n\n<div>BIC: HELADEF1KAS<\/div>\n\n\",\"margin_bottom\":\"default\",\"margin_top\":\"default\",\"text_style\":\"small\"},\"name\":\"Kasseler Sparkasse Konto\"}]}],\"props\":{\"divider\":true,\"layout\":\"3-4,1-4\",\"parallax\":false}},{\"type\":\"row\",\"children\":[{\"type\":\"column\",\"props\":{\"image_position\":\"center-center\",\"position_sticky_breakpoint\":\"m\"},\"children\":[{\"type\":\"button\",\"props\":{\"grid_column_gap\":\"small\",\"grid_row_gap\":\"small\",\"margin_bottom\":\"default\",\"margin_top\":\"default\"},\"children\":[{\"type\":\"button_item\",\"props\":{\"button_style\":\"secondary\",\"content\":\"zur\u00fcck\",\"dialog_layout\":\"modal\",\"dialog_offcanvas_flip\":true,\"icon\":\"reply\",\"icon_align\":\"left\",\"link\":\".\/#id5\"}}],\"name\":\"zur\u00fcck Startseite Button\"}]}]}],\"name\":\"TOGETHER \u2022 Aktuelles - Vorlage\"}],\"version\":\"5.0.24\"} --><\/p>\n","protected":false},"excerpt":{"rendered":"<p>Mitmachen Werden Sie Chancengeber Neben dem ehrenamtlichen Engagement sind Spenden und F\u00f6rdermittel wichtig, damit wir von TOGETHER in Uganda f\u00fcr die Menschen konkrete Unterst\u00fctzung leisten k\u00f6nnen. Jede Spende ist ein Beitrag zur Verbesserung der Lebenschancen f\u00fcr Kinder und ihre Familien. Egal, ob Sie sich f\u00fcr eine Schulpatenschaft, eine Mitgliedschaft im Verein oder f\u00fcr eine Spende [&hellip;]<\/p>\n","protected":false},"author":1,"featured_media":0,"parent":0,"menu_order":0,"comment_status":"closed","ping_status":"closed","template":"","meta":{"footnotes":""},"class_list":["post-287","page","type-page","status-publish","hentry"],"_links":{"self":[{"href":"https:\/\/tohifu.de\/index.php?rest_route=\/wp\/v2\/pages\/287","targetHints":{"allow":["GET"]}}],"collection":[{"href":"https:\/\/tohifu.de\/index.php?rest_route=\/wp\/v2\/pages"}],"about":[{"href":"https:\/\/tohifu.de\/index.php?rest_route=\/wp\/v2\/types\/page"}],"author":[{"embeddable":true,"href":"https:\/\/tohifu.de\/index.php?rest_route=\/wp\/v2\/users\/1"}],"replies":[{"embeddable":true,"href":"https:\/\/tohifu.de\/index.php?rest_route=%2Fwp%2Fv2%2Fcomments&post=287"}],"version-history":[{"count":48,"href":"https:\/\/tohifu.de\/index.php?rest_route=\/wp\/v2\/pages\/287\/revisions"}],"predecessor-version":[{"id":1612,"href":"https:\/\/tohifu.de\/index.php?rest_route=\/wp\/v2\/pages\/287\/revisions\/1612"}],"wp:attachment":[{"href":"https:\/\/tohifu.de\/index.php?rest_route=%2Fwp%2Fv2%2Fmedia&parent=287"}],"curies":[{"name":"wp","href":"https:\/\/api.w.org\/{rel}","templated":true}]}}