{"id":280,"date":"2025-01-01T12:39:48","date_gmt":"2025-01-01T11:39:48","guid":{"rendered":"https:\/\/tohifu.de\/?page_id=280"},"modified":"2026-03-14T12:18:07","modified_gmt":"2026-03-14T11:18:07","slug":"patenschaften","status":"publish","type":"page","link":"https:\/\/tohifu.de\/?page_id=280","title":{"rendered":"TOGETHER \u2022 Patenschaften"},"content":{"rendered":"<h1>Patenschaften<\/h1>\n<div>\n<p>Stand Februar 2026<\/p>\n<p><strong>\u201eWenn wir in unserem Land und an der Unterentwicklung in Uganda etwas \u00e4ndern wollen, geht das nur \u00fcber Bildung\u201c.<\/strong><\/p>\n<p>Mit diesen Worten hat Bischof Aquirinus uns bewegt. Seitdem helfen wir Kindern, deren Familien das Schulgeld nicht aufbringen k\u00f6nnen. Die Vermittlung von Schulpatenschaften wurde ein Schwerpunkt der Arbeit von TOGETHER.<\/p>\n<\/div>\n<p><img decoding=\"async\" src=\"\/wp-content\/uploads\/2025\/06\/Kibira.jpg\" alt=\"\"><\/p>\n<div>\n<div class=\"elementToProof\">\n<p>1997 war Allan das erste Patenkind. Er nutzte seine Chance, studierte nach der High School an der Makerere Universit\u00e4t Wirtschaftswissenschaften.<\/p>\n<p>Nach dem Abschluss bekam er sofort eine Stelle bei der Bank in Fort Portal. Heute ist Allan selbstst\u00e4ndiger Unternehmer. Mit seinem Reiseb\u00fcro \u201ePearlland Safaris\u201c organisiert er Reisen nach Uganda.<\/p>\n<p>Ebenfalls arbeitete Allan in allen bis jetzt von uns durchgef\u00fchrten Projekten mit, wie zum Beispiel die Wasserprojekte, die Krankenh\u00e4user und die Krankenstation. \u00a0<\/p>\n<\/div>\n<div class=\"elementToProof\" um=\"\" den=\"\" kindern=\"\" eine=\"\" selbstbestimmte=\"\" zukunft=\"\" zu=\"\" erm=\"\" glichen=\"\" stehen=\"\" die=\"\" schul-=\"\" und=\"\" berufsausbildungen=\"\" f=\"\" r=\"\" uns=\"\" im=\"\" focus=\"\" ein=\"\" studium=\"\" besten=\"\" unterst=\"\" tzen=\"\" wir=\"\" nach=\"\" festgelegten=\"\" kriterien=\"\" div=\"\"><\/div>\n<\/div>\n<p><img decoding=\"async\" src=\"\/wp-content\/uploads\/2025\/06\/Allan2.jpg\" alt=\"\"><\/p>\n<div>\n<p>Allan Anturia<\/p>\n<\/div>\n<p><a href=\"\/?page_id=542\"><img decoding=\"async\" src=\"\/wp-content\/uploads\/2025\/03\/Icon-Patenschaftsprogramm.png\" alt=\"\"><\/a><br \/>\n<a href=\"\/?page_id=538\"><img decoding=\"async\" src=\"\/wp-content\/uploads\/2025\/03\/Icon-Ansprechpartner.png\" alt=\"\"><\/a><br \/>\n<img decoding=\"async\" src=\"\/wp-content\/uploads\/2025\/03\/Icon-Patenschaftsantrag.png\" alt=\"\"><\/p>\n<div>\n<h4>Spendenportal<\/h4>\n<\/div>\n<p><img decoding=\"async\" src=\"\/wp-content\/uploads\/2025\/06\/pax-bank1.png\" alt=\"\"><\/p>\n<div>\n<p>Beim Klick auf den Button SPENDEN werden Sie auf die Seite unseres Partners, der Pax-Bank f\u00fcr Kirche und Caritas in Paderborn weitergeleitet. Dort haben Sie die M\u00f6glichkeit, Ihre Spende verschiedenen Projekten unseres Vereins zuzuordnen. Wir bedanken uns schon jetzt f\u00fcr Ihre Hilfe!<\/p>\n<\/div>\n<p><p>\n        <a href=\"https:\/\/www.bkc-spendenportal.de\/organisation-checkout.html?id=44\">Spenden<\/a>\n    <\/p>\n<\/p>\n<hr>\n<p><img decoding=\"async\" src=\"\/wp-content\/uploads\/2025\/07\/spk-logo-druck.png\" alt=\"\"><\/p>\n<div>\n<div>TOGETHER \u2013 Hilfe f\u00fcr Uganda e.V.<\/div>\n<div>IBAN: DE50 5205 0353 1235 9000 00<\/div>\n<div>BIC: HELADEF1KAS<\/div>\n<\/div>\n<p><p>\n        <a href=\"\/\">zur\u00fcck<\/a>\n    <\/p>\n<\/p>\n<p><!--more--><br \/>\n<!-- {\"type\":\"layout\",\"children\":[{\"type\":\"section\",\"props\":{\"header_transparent\":true,\"header_transparent_noplaceholder\":false,\"image\":\"wp-content\/uploads\/2025\/01\/Logo_Together_2025-Background.png\",\"image_effect\":\"fixed\",\"image_position\":\"center-center\",\"image_size\":\"contain\",\"media_overlay\":\"rgba(208, 204, 196, 0.85)\",\"style\":\"default\",\"title_breakpoint\":\"xl\",\"title_position\":\"top-left\",\"title_rotation\":\"left\",\"vertical_align\":\"middle\",\"width\":\"expand\"},\"children\":[{\"type\":\"row\",\"children\":[{\"type\":\"column\",\"props\":{\"image_position\":\"center-center\",\"position_sticky_breakpoint\":\"m\"},\"children\":[{\"type\":\"headline\",\"props\":{\"content\":\"Patenschaften\",\"image_align\":\"left\",\"image_margin\":\"xsmall\",\"title_decoration\":\"line\",\"title_element\":\"h1\"}}]}]},{\"type\":\"row\",\"props\":{\"divider\":true,\"layout\":\"3-4,1-4\"},\"children\":[{\"type\":\"column\",\"props\":{\"image_position\":\"center-center\",\"position_sticky_breakpoint\":\"m\",\"width_medium\":\"3-4\"},\"children\":[{\"type\":\"text\",\"props\":{\"column_breakpoint\":\"m\",\"content\":\"\n\n<p>Stand Februar 2026<\/p>\n\n\\n\n\n<p><strong>\u201eWenn wir in unserem Land und an der Unterentwicklung in Uganda etwas \u00e4ndern wollen, geht das nur \u00fcber Bildung\u201c.<\/strong><\/p>\n\n\\n\n\n<p>Mit diesen Worten hat Bischof Aquirinus uns bewegt. Seitdem helfen wir Kindern, deren Familien das Schulgeld nicht aufbringen k\u00f6nnen. Die Vermittlung von Schulpatenschaften wurde ein Schwerpunkt der Arbeit von TOGETHER.<\/p>\n\n\",\"margin_bottom\":\"default\",\"margin_top\":\"default\"}}]},{\"type\":\"column\",\"props\":{\"image_position\":\"center-center\",\"position_sticky_breakpoint\":\"m\",\"width_medium\":\"1-4\"},\"children\":[{\"type\":\"image\",\"props\":{\"image\":\"wp-content\/uploads\/2025\/06\/Kibira.jpg\",\"image_loading\":true,\"image_svg_color\":\"emphasis\",\"margin_bottom\":\"default\",\"margin_top\":\"default\"}}]}]},{\"type\":\"row\",\"props\":{\"divider\":true,\"layout\":\"3-4,1-4\"},\"children\":[{\"type\":\"column\",\"props\":{\"image_position\":\"center-center\",\"position_sticky_breakpoint\":\"m\",\"width_medium\":\"3-4\"},\"children\":[{\"type\":\"text\",\"props\":{\"column_breakpoint\":\"m\",\"content\":\"\n\n<div class=\\\"elementToProof\\\">\\n\n\n<p>1997 war Allan das erste Patenkind. Er nutzte seine Chance, studierte nach der High School an der Makerere Universit\u00e4t Wirtschaftswissenschaften.<\/p>\n\n\\n\n\n<p>Nach dem Abschluss bekam er sofort eine Stelle bei der Bank in Fort Portal. Heute ist Allan selbstst\u00e4ndiger Unternehmer. Mit seinem Reiseb\u00fcro \u201ePearlland Safaris\u201c organisiert er Reisen nach Uganda.<\/p>\n\n\\n\n\n<p>Ebenfalls arbeitete Allan in allen bis jetzt von uns durchgef\u00fchrten Projekten mit, wie zum Beispiel die Wasserprojekte, die Krankenh\u00e4user und die Krankenstation. \u00a0<\/p>\n\n\\n<\/div>\n\n\\n\n\n<div class=\\\"elementToProof\\\" um=\\\"\\\" den=\\\"\\\" kindern=\\\"\\\" eine=\\\"\\\" selbstbestimmte=\\\"\\\" zukunft=\\\"\\\" zu=\\\"\\\" erm=\\\"\\\" glichen=\\\"\\\" stehen=\\\"\\\" die=\\\"\\\" schul-=\\\"\\\" und=\\\"\\\" berufsausbildungen=\\\"\\\" f=\\\"\\\" r=\\\"\\\" uns=\\\"\\\" im=\\\"\\\" focus=\\\"\\\" ein=\\\"\\\" studium=\\\"\\\" besten=\\\"\\\" unterst=\\\"\\\" tzen=\\\"\\\" wir=\\\"\\\" nach=\\\"\\\" festgelegten=\\\"\\\" kriterien=\\\"\\\" div=\\\"\\\"><\/div>\n\n\",\"margin_bottom\":\"default\",\"margin_top\":\"default\"}}]},{\"type\":\"column\",\"props\":{\"image_position\":\"center-center\",\"position_sticky_breakpoint\":\"m\",\"width_medium\":\"1-4\"},\"children\":[{\"type\":\"image\",\"props\":{\"image\":\"wp-content\/uploads\/2025\/06\/Allan2.jpg\",\"image_svg_color\":\"emphasis\",\"margin_bottom\":\"default\",\"margin_top\":\"default\"}},{\"type\":\"text\",\"props\":{\"column_breakpoint\":\"m\",\"content\":\"\n\n<p>Allan Anturia<\/p>\n\n\",\"margin_bottom\":\"default\",\"margin_top\":\"default\",\"text_style\":\"small\"}}]}]},{\"type\":\"row\",\"children\":[{\"type\":\"column\",\"props\":{\"image_position\":\"center-center\",\"image_size\":\"cover\",\"position_sticky_breakpoint\":\"m\",\"width_medium\":\"1-4\",\"width_small\":\"1-2\"},\"children\":[{\"type\":\"image\",\"props\":{\"image\":\"wp-content\/uploads\/2025\/03\/Icon-Patenschaftsprogramm.png\",\"image_svg_color\":\"emphasis\",\"link\":\"?page_id=542\",\"margin_bottom\":\"default\",\"margin_top\":\"default\"}}]},{\"type\":\"column\",\"props\":{\"image_position\":\"center-center\",\"position_sticky_breakpoint\":\"m\",\"width_medium\":\"1-4\",\"width_small\":\"1-2\"},\"children\":[{\"type\":\"image\",\"props\":{\"image\":\"wp-content\/uploads\/2025\/03\/Icon-Ansprechpartner.png\",\"image_svg_color\":\"emphasis\",\"link\":\"?page_id=538\",\"margin_bottom\":\"default\",\"margin_top\":\"default\"}}]},{\"type\":\"column\",\"props\":{\"image_position\":\"center-center\",\"position_sticky_breakpoint\":\"m\",\"width_medium\":\"1-4\",\"width_small\":\"1-2\"},\"children\":[{\"type\":\"image\",\"props\":{\"image\":\"wp-content\/uploads\/2025\/03\/Icon-Patenschaftsantrag.png\",\"image_svg_color\":\"emphasis\",\"margin_bottom\":\"default\",\"margin_top\":\"default\"}}]},{\"type\":\"column\",\"props\":{\"image_position\":\"center-center\",\"position_sticky_breakpoint\":\"m\",\"style\":\"card-secondary\",\"width_medium\":\"1-4\",\"width_small\":\"1-2\"},\"children\":[{\"type\":\"text\",\"props\":{\"column_breakpoint\":\"m\",\"content\":\"\n\n<h4>Spendenportal<\/h4>\n\n\",\"margin_bottom\":\"default\",\"margin_top\":\"default\"},\"name\":\"Spendenportal \u00dcberschrift\"},{\"type\":\"image\",\"props\":{\"image\":\"wp-content\/uploads\/2025\/06\/pax-bank1.png\",\"image_svg_color\":\"emphasis\",\"margin_bottom\":\"default\",\"margin_top\":\"default\"},\"name\":\"Pax-Bank Bild\"},{\"type\":\"text\",\"props\":{\"column_breakpoint\":\"m\",\"content\":\"\n\n<p>Beim Klick auf den Button SPENDEN werden Sie auf die Seite unseres Partners, der Pax-Bank f\u00fcr Kirche und Caritas in Paderborn weitergeleitet. Dort haben Sie die M\u00f6glichkeit, Ihre Spende verschiedenen Projekten unseres Vereins zuzuordnen. Wir bedanken uns schon jetzt f\u00fcr Ihre Hilfe!<\/p>\n\n\",\"margin_bottom\":\"default\",\"margin_top\":\"default\",\"text_style\":\"small\"},\"name\":\"Pax-Text\"},{\"type\":\"button\",\"props\":{\"button_size\":\"large\",\"grid_column_gap\":\"small\",\"grid_row_gap\":\"small\",\"margin_bottom\":\"default\",\"margin_top\":\"default\"},\"children\":[{\"type\":\"button_item\",\"props\":{\"button_style\":\"secondary\",\"content\":\"Spenden\",\"dialog_layout\":\"modal\",\"dialog_offcanvas_flip\":true,\"icon\":\"credit-card\",\"icon_align\":\"left\",\"link\":\"https:\/\/www.bkc-spendenportal.de\/organisation-checkout.html?id=44\",\"link_target\":true}}],\"name\":\"BCK Button\"},{\"type\":\"divider\",\"props\":{\"divider_element\":\"hr\"}},{\"type\":\"image\",\"props\":{\"image\":\"wp-content\/uploads\/2025\/07\/spk-logo-druck.png\",\"image_svg_color\":\"emphasis\",\"margin_bottom\":\"default\",\"margin_top\":\"default\"},\"name\":\"Kasseler Sparkasse\"},{\"type\":\"text\",\"props\":{\"column_breakpoint\":\"m\",\"content\":\"\n\n<div>TOGETHER \u2013 Hilfe f\u00fcr Uganda e.V.<\/div>\n\n\\n\n\n<div>IBAN: DE50 5205 0353 1235 9000 00<\/div>\n\n\\n\n\n<div>BIC: HELADEF1KAS<\/div>\n\n\",\"margin_bottom\":\"default\",\"margin_top\":\"default\",\"text_style\":\"small\"},\"name\":\"Kasseler Sparkasse Konto\"}]}],\"props\":{\"divider\":true,\"layout\":\"1-4,1-4,1-4,1-4|1-2,1-2,1-2,1-2\",\"parallax\":false}},{\"type\":\"row\",\"children\":[{\"type\":\"column\",\"props\":{\"image_position\":\"center-center\",\"position_sticky_breakpoint\":\"m\"},\"children\":[{\"type\":\"button\",\"props\":{\"grid_column_gap\":\"small\",\"grid_row_gap\":\"small\",\"margin_bottom\":\"default\",\"margin_top\":\"default\"},\"children\":[{\"type\":\"button_item\",\"props\":{\"button_style\":\"secondary\",\"content\":\"zur\u00fcck\",\"dialog_layout\":\"modal\",\"dialog_offcanvas_flip\":true,\"icon\":\"reply\",\"icon_align\":\"left\",\"link\":\".\/\"}}],\"name\":\"zur\u00fcck Startseite Button\"}]}]}],\"name\":\"TOGETHER \u2022 Aktuelles - Vorlage\"}],\"version\":\"5.0.18\"} --><\/p>\n","protected":false},"excerpt":{"rendered":"<p>Patenschaften Stand Februar 2026 \u201eWenn wir in unserem Land und an der Unterentwicklung in Uganda etwas \u00e4ndern wollen, geht das nur \u00fcber Bildung\u201c. Mit diesen Worten hat Bischof Aquirinus uns bewegt. Seitdem helfen wir Kindern, deren Familien das Schulgeld nicht aufbringen k\u00f6nnen. Die Vermittlung von Schulpatenschaften wurde ein Schwerpunkt der Arbeit von TOGETHER. 1997 war [&hellip;]<\/p>\n","protected":false},"author":1,"featured_media":0,"parent":0,"menu_order":0,"comment_status":"closed","ping_status":"closed","template":"","meta":{"footnotes":""},"class_list":["post-280","page","type-page","status-publish","hentry"],"_links":{"self":[{"href":"https:\/\/tohifu.de\/index.php?rest_route=\/wp\/v2\/pages\/280","targetHints":{"allow":["GET"]}}],"collection":[{"href":"https:\/\/tohifu.de\/index.php?rest_route=\/wp\/v2\/pages"}],"about":[{"href":"https:\/\/tohifu.de\/index.php?rest_route=\/wp\/v2\/types\/page"}],"author":[{"embeddable":true,"href":"https:\/\/tohifu.de\/index.php?rest_route=\/wp\/v2\/users\/1"}],"replies":[{"embeddable":true,"href":"https:\/\/tohifu.de\/index.php?rest_route=%2Fwp%2Fv2%2Fcomments&post=280"}],"version-history":[{"count":57,"href":"https:\/\/tohifu.de\/index.php?rest_route=\/wp\/v2\/pages\/280\/revisions"}],"predecessor-version":[{"id":1585,"href":"https:\/\/tohifu.de\/index.php?rest_route=\/wp\/v2\/pages\/280\/revisions\/1585"}],"wp:attachment":[{"href":"https:\/\/tohifu.de\/index.php?rest_route=%2Fwp%2Fv2%2Fmedia&parent=280"}],"curies":[{"name":"wp","href":"https:\/\/api.w.org\/{rel}","templated":true}]}}