{"id":253,"date":"2024-12-31T13:17:57","date_gmt":"2024-12-31T12:17:57","guid":{"rendered":"https:\/\/tohifu.de\/?page_id=253"},"modified":"2026-03-03T14:41:49","modified_gmt":"2026-03-03T13:41:49","slug":"together-projekte-2","status":"publish","type":"page","link":"https:\/\/tohifu.de\/?page_id=253","title":{"rendered":"TOGETHER \u2022 Projekte"},"content":{"rendered":"<h1>Projekte<\/h1>\n<div>\n<h4>Um Details zu den verschiedenen Projekten einzusehen, klicken Sie einfach auf die jeweiligen \u00dcberschriften. Nochmaliges Klicken schlie\u00dft das ge\u00f6ffnete Fenster wieder.<\/h4>\n<\/div>\n<div>\n<h2>2022\u20132027<\/h2>\n<\/div>\n<div>\n<p>    <img decoding=\"async\" src=\"\/wp-content\/uploads\/2025\/11\/Ruhunga-Steckbrief_Stand-Sep2025.png\" alt=\"\"><\/p>\n<h3>St. Pauls Nursery &#038; Primary School Ruhunga Kyanymiromba \u2013 Projekt f\u00fcr 600 Kinder<\/h3>\n<p><a href=\"\/wp-content\/uploads\/2025\/11\/Ruhunga-Steckbrief_Stand-Sep2025.pdf\">weiterlesen (neuer Tab)<\/a><\/p>\n<\/div>\n<hr>\n<div>\n<h2>2020\u20132023<\/h2>\n<\/div>\n<ul>\n<li>\n<p>        <img decoding=\"async\" src=\"\/wp-content\/uploads\/2025\/07\/Ausbau-Berufsschule-Andrea-Kaahwa-Kooki.jpg\" alt=\"\"><\/p>\n<h3>Ausbau Berufsschule Andrea Kaahwa Kooki<\/h3>\n<\/li>\n<li>\n<p>        <img decoding=\"async\" src=\"\/wp-content\/uploads\/2025\/06\/Mount-St.-Marys-Hospital-Kasese-2020-2023-scaled.jpg\" alt=\"\"><\/p>\n<h3>Mount St. Mary&#8217;s Hospital Kasese<\/h3>\n<\/li>\n<\/ul>\n<hr>\n<div>\n<h2>2018\u20132020<\/h2>\n<\/div>\n<div>\n<p>    <img decoding=\"async\" src=\"\/wp-content\/uploads\/2025\/06\/St.-Josephs-Gesundheitszentrum-Buryansungwe-2018-2020.jpg\" alt=\"\"><\/p>\n<h3>St. Joseph&#8217;s Gesundheitszentrum Buryansungwe<\/h3>\n<\/div>\n<hr>\n<div>\n<h2>2016\u20132018<\/h2>\n<\/div>\n<div>\n<p>    <img decoding=\"async\" src=\"\/wp-content\/uploads\/2025\/06\/Trinkwasserprojekt-Ruhunga-2016-2018.jpg\" alt=\"\"><\/p>\n<h3>Trinkwasserprojekt Ruhunga<\/h3>\n<\/div>\n<hr>\n<div>\n<h2>2014\u20132016<\/h2>\n<\/div>\n<div>\n<p>    <img decoding=\"async\" src=\"\/wp-content\/uploads\/2025\/06\/Andrea-Kaahwa-Hospital-Kooki-2014-2016.jpg\" alt=\"\"><\/p>\n<h3>Andrea Kaahwa Hospital Kooki<\/h3>\n<\/div>\n<hr>\n<div>\n<h2>2008\u20132010<\/h2>\n<\/div>\n<div>\n<p>    <img decoding=\"async\" src=\"\/wp-content\/uploads\/2025\/06\/Trinkwasserprojekt-Kitagwenda-2008-2010.jpg\" alt=\"\"><\/p>\n<h3>Trinkwasserprojekt Kitagwenda<\/h3>\n<\/div>\n<hr>\n<div>\n<h2>2002\u20132004<\/h2>\n<\/div>\n<div>\n<p>    <img decoding=\"async\" src=\"\/wp-content\/uploads\/2025\/06\/Trinkwasserprojekt-Bwera-Kigoto-2002-2004.jpg\" alt=\"\"><\/p>\n<h3>Trinkwasserprojekt Bwera Kigoto<\/h3>\n<\/div>\n<hr>\n<div>\n<h2>2003<\/h2>\n<\/div>\n<div>\n<p>    <img decoding=\"async\" src=\"\/wp-content\/uploads\/2025\/06\/Girls-Hostel-Buryansungwe-2003.jpg\" alt=\"\"><\/p>\n<h3>Girls Hostel Buryansungwe<\/h3>\n<\/div>\n<div>\n<h4>Spendenportal<\/h4>\n<\/div>\n<p><img decoding=\"async\" src=\"\/wp-content\/uploads\/2025\/06\/pax-bank1.png\" alt=\"\"><\/p>\n<div>\n<p>Beim Klick auf den Button SPENDEN werden Sie auf die Seite unseres Partners, der Pax-Bank f\u00fcr Kirche und Caritas in Paderborn weitergeleitet. Dort haben Sie die M\u00f6glichkeit, Ihre Spende verschiedenen Projekten unseres Vereins zuzuordnen. Wir bedanken uns schon jetzt f\u00fcr Ihre Hilfe!<\/p>\n<\/div>\n<p><p>\n        <a href=\"https:\/\/www.bkc-spendenportal.de\/organisation-checkout.html?id=44\">Spenden<\/a>\n    <\/p>\n<\/p>\n<hr>\n<p><img decoding=\"async\" src=\"\/wp-content\/uploads\/2025\/07\/spk-logo-druck.png\" alt=\"\"><\/p>\n<div>\n<div>TOGETHER \u2013 Hilfe f\u00fcr Uganda e.V.<\/div>\n<div>IBAN: DE50 5205 0353 1235 9000 00<\/div>\n<div>BIC: HELADEF1KAS<\/div>\n<\/div>\n<hr>\n<div>\n<h6>25 gemeinsame Jahre<\/h6>\n<\/div>\n<div>\n<p>Hier finden Sie unser Magazin, das zum Vereinsjubil\u00e4um 2023 erschienen ist. Es enth\u00e4lt einen R\u00fcckblick auf die Geschichte des Vereins sowie einen \u00dcberblick \u00fcber die Vielfalt der aktuellen Projekte.<\/p>\n<\/div>\n<p><a href=\"\/wp-content\/uploads\/2025\/03\/Magazin_2024_2504.pdf\"><img decoding=\"async\" src=\"\/wp-content\/uploads\/2025\/03\/Magazin_2024_2504-9e7b6354.jpeg\" alt=\"\"><\/a><\/p>\n<p><p>\n        <a href=\"\/wp-content\/uploads\/2025\/03\/Magazin_2024_2504.pdf\">Download (ca. 10 MB)<\/a>\n    <\/p>\n<\/p>\n<p><p>\n        <a href=\"\/index.php?=start\">zur\u00fcck<\/a>\n    <\/p>\n<\/p>\n<p><!--more--><br \/>\n<!-- {\"type\":\"layout\",\"children\":[{\"type\":\"section\",\"props\":{\"animation\":\"slide-left-medium\",\"header_transparent\":true,\"header_transparent_noplaceholder\":false,\"image\":\"wp-content\/uploads\/2025\/01\/Logo_Together_2025-Background.png\",\"image_effect\":\"fixed\",\"image_position\":\"center-center\",\"image_size\":\"contain\",\"media_overlay\":\"rgba(208, 204, 196, 0.85)\",\"style\":\"default\",\"title_breakpoint\":\"xl\",\"title_position\":\"top-left\",\"title_rotation\":\"left\",\"vertical_align\":\"middle\",\"width\":\"expand\"},\"children\":[{\"type\":\"row\",\"children\":[{\"type\":\"column\",\"props\":{\"image_position\":\"center-center\",\"position_sticky_breakpoint\":\"m\",\"width_medium\":\"3-4\"},\"children\":[{\"type\":\"headline\",\"props\":{\"content\":\"Projekte\",\"image_align\":\"left\",\"image_margin\":\"xsmall\",\"title_decoration\":\"line\",\"title_element\":\"h1\"}},{\"type\":\"text\",\"props\":{\"column_breakpoint\":\"m\",\"content\":\"\n\n<h4>Um Details zu den verschiedenen Projekten einzusehen, klicken Sie einfach auf die jeweiligen \u00dcberschriften. Nochmaliges Klicken schlie\u00dft das ge\u00f6ffnete Fenster wieder.<\/h4>\n\n\",\"margin_bottom\":\"default\",\"margin_top\":\"default\"}},{\"type\":\"text\",\"props\":{\"column_breakpoint\":\"m\",\"content\":\"\n\n<h2>2022\u20132027<\/h2>\n\n\",\"margin_bottom\":\"default\",\"margin_top\":\"default\"}},{\"type\":\"accordion\",\"props\":{\"collapsible\":true,\"content_column_breakpoint\":\"m\",\"image_align\":\"top\",\"image_grid_breakpoint\":\"m\",\"image_grid_width\":\"1-2\",\"image_height\":1000,\"image_loading\":true,\"image_svg_color\":\"emphasis\",\"link_style\":\"default\",\"link_target\":true,\"link_text\":\"weiterlesen (neuer Tab)\",\"show_image\":true,\"show_link\":true},\"children\":[{\"type\":\"accordion_item\",\"props\":{\"image\":\"wp-content\/uploads\/2025\/11\/Ruhunga-Steckbrief_Stand-Sep2025.png\",\"link\":\"wp-content\/uploads\/2025\/11\/Ruhunga-Steckbrief_Stand-Sep2025.pdf\",\"title\":\"St. Pauls Nursery & Primary School Ruhunga Kyanymiromba \u2013 Projekt f\u00fcr 600 Kinder\"}}],\"name\":\"St. Pauls Nursery & Primary School Ruhunga Kyanymiromba \u2013 Projekt f\u00fcr 600 Kinder\"},{\"type\":\"divider\",\"props\":{\"divider_element\":\"hr\",\"divider_style\":\"small\"}},{\"type\":\"text\",\"props\":{\"column_breakpoint\":\"m\",\"content\":\"\n\n<h2>2020\u20132023<\/h2>\n\n\",\"margin_bottom\":\"default\",\"margin_top\":\"default\"}},{\"type\":\"accordion\",\"props\":{\"collapsible\":true,\"content_column_breakpoint\":\"m\",\"image_align\":\"top\",\"image_grid_breakpoint\":\"m\",\"image_grid_width\":\"1-2\",\"image_height\":1000,\"image_loading\":true,\"image_svg_color\":\"emphasis\",\"link_style\":\"default\",\"link_text\":\"Read more\",\"multiple\":true,\"show_image\":true,\"show_link\":true},\"children\":[{\"type\":\"accordion_item\",\"props\":{\"image\":\"wp-content\/uploads\/2025\/07\/Ausbau-Berufsschule-Andrea-Kaahwa-Kooki.jpg\",\"title\":\"Ausbau Berufsschule Andrea Kaahwa Kooki\"}},{\"type\":\"accordion_item\",\"props\":{\"image\":\"wp-content\/uploads\/2025\/06\/Mount-St.-Marys-Hospital-Kasese-2020-2023-scaled.jpg\",\"title\":\"Mount St. Mary's Hospital Kasese\"}}]},{\"type\":\"divider\",\"props\":{\"divider_element\":\"hr\",\"divider_style\":\"small\"}},{\"type\":\"text\",\"props\":{\"column_breakpoint\":\"m\",\"content\":\"\n\n<h2>2018\u20132020<\/h2>\n\n\",\"margin_bottom\":\"default\",\"margin_top\":\"default\"}},{\"type\":\"accordion\",\"props\":{\"collapsible\":true,\"content_column_breakpoint\":\"m\",\"image_align\":\"top\",\"image_grid_breakpoint\":\"m\",\"image_grid_width\":\"1-2\",\"image_height\":1000,\"image_loading\":true,\"image_svg_color\":\"emphasis\",\"link_style\":\"default\",\"link_text\":\"Read more\",\"multiple\":true,\"show_image\":true,\"show_link\":true},\"children\":[{\"type\":\"accordion_item\",\"props\":{\"image\":\"wp-content\/uploads\/2025\/06\/St.-Josephs-Gesundheitszentrum-Buryansungwe-2018-2020.jpg\",\"title\":\"St. Joseph's Gesundheitszentrum Buryansungwe\"}}]},{\"type\":\"divider\",\"props\":{\"divider_element\":\"hr\",\"divider_style\":\"small\"}},{\"type\":\"text\",\"props\":{\"column_breakpoint\":\"m\",\"content\":\"\n\n<h2>2016\u20132018<\/h2>\n\n\",\"margin_bottom\":\"default\",\"margin_top\":\"default\"}},{\"type\":\"accordion\",\"props\":{\"collapsible\":true,\"content_column_breakpoint\":\"m\",\"image_align\":\"top\",\"image_grid_breakpoint\":\"m\",\"image_grid_width\":\"1-2\",\"image_height\":1000,\"image_loading\":true,\"image_svg_color\":\"emphasis\",\"link_style\":\"default\",\"link_text\":\"Read more\",\"multiple\":true,\"show_image\":true,\"show_link\":true},\"children\":[{\"type\":\"accordion_item\",\"props\":{\"image\":\"wp-content\/uploads\/2025\/06\/Trinkwasserprojekt-Ruhunga-2016-2018.jpg\",\"title\":\"Trinkwasserprojekt Ruhunga\"}}]},{\"type\":\"divider\",\"props\":{\"divider_element\":\"hr\",\"divider_style\":\"small\"}},{\"type\":\"text\",\"props\":{\"column_breakpoint\":\"m\",\"content\":\"\n\n<h2>2014\u20132016<\/h2>\n\n\",\"margin_bottom\":\"default\",\"margin_top\":\"default\"}},{\"type\":\"accordion\",\"props\":{\"collapsible\":true,\"content_column_breakpoint\":\"m\",\"image_align\":\"top\",\"image_grid_breakpoint\":\"m\",\"image_grid_width\":\"1-2\",\"image_height\":1000,\"image_loading\":true,\"image_svg_color\":\"emphasis\",\"link_style\":\"default\",\"link_text\":\"Read more\",\"multiple\":true,\"show_image\":true,\"show_link\":true},\"children\":[{\"type\":\"accordion_item\",\"props\":{\"image\":\"wp-content\/uploads\/2025\/06\/Andrea-Kaahwa-Hospital-Kooki-2014-2016.jpg\",\"title\":\"Andrea Kaahwa Hospital Kooki\"}}]},{\"type\":\"divider\",\"props\":{\"divider_element\":\"hr\",\"divider_style\":\"small\"}},{\"type\":\"text\",\"props\":{\"column_breakpoint\":\"m\",\"content\":\"\n\n<h2>2008\u20132010<\/h2>\n\n\",\"margin_bottom\":\"default\",\"margin_top\":\"default\"}},{\"type\":\"accordion\",\"props\":{\"collapsible\":true,\"content_column_breakpoint\":\"m\",\"image_align\":\"top\",\"image_grid_breakpoint\":\"m\",\"image_grid_width\":\"1-2\",\"image_height\":1000,\"image_loading\":true,\"image_svg_color\":\"emphasis\",\"link_style\":\"default\",\"link_text\":\"Read more\",\"multiple\":true,\"show_image\":true,\"show_link\":true},\"children\":[{\"type\":\"accordion_item\",\"props\":{\"content\":\"\",\"image\":\"wp-content\/uploads\/2025\/06\/Trinkwasserprojekt-Kitagwenda-2008-2010.jpg\",\"title\":\"Trinkwasserprojekt Kitagwenda\"}}]},{\"type\":\"divider\",\"props\":{\"divider_element\":\"hr\",\"divider_style\":\"small\"}},{\"type\":\"text\",\"props\":{\"column_breakpoint\":\"m\",\"content\":\"\n\n<h2>2002\u20132004<\/h2>\n\n\",\"margin_bottom\":\"default\",\"margin_top\":\"default\"}},{\"type\":\"accordion\",\"props\":{\"collapsible\":true,\"content_column_breakpoint\":\"m\",\"image_align\":\"top\",\"image_grid_breakpoint\":\"m\",\"image_grid_width\":\"1-2\",\"image_height\":1000,\"image_loading\":true,\"image_svg_color\":\"emphasis\",\"link_style\":\"default\",\"link_text\":\"Read more\",\"multiple\":true,\"show_image\":true,\"show_link\":true},\"children\":[{\"type\":\"accordion_item\",\"props\":{\"content\":\"\",\"image\":\"wp-content\/uploads\/2025\/06\/Trinkwasserprojekt-Bwera-Kigoto-2002-2004.jpg\",\"title\":\"Trinkwasserprojekt Bwera Kigoto\"}}]},{\"type\":\"divider\",\"props\":{\"divider_element\":\"hr\",\"divider_style\":\"small\"}},{\"type\":\"text\",\"props\":{\"column_breakpoint\":\"m\",\"content\":\"\n\n<h2>2003<\/h2>\n\n\",\"margin_bottom\":\"default\",\"margin_top\":\"default\"}},{\"type\":\"accordion\",\"props\":{\"collapsible\":true,\"content_column_breakpoint\":\"m\",\"image_align\":\"top\",\"image_grid_breakpoint\":\"m\",\"image_grid_width\":\"1-2\",\"image_height\":1000,\"image_loading\":true,\"image_svg_color\":\"emphasis\",\"link_style\":\"default\",\"link_text\":\"Read more\",\"multiple\":true,\"show_image\":true,\"show_link\":true},\"children\":[{\"type\":\"accordion_item\",\"props\":{\"content\":\"\",\"image\":\"wp-content\/uploads\/2025\/06\/Girls-Hostel-Buryansungwe-2003.jpg\",\"title\":\"Girls Hostel Buryansungwe\"}}]}]},{\"type\":\"column\",\"props\":{\"image_position\":\"center-center\",\"position_sticky_breakpoint\":\"m\",\"style\":\"card-secondary\",\"width_medium\":\"1-4\"},\"children\":[{\"type\":\"text\",\"props\":{\"column_breakpoint\":\"m\",\"content\":\"\n\n<h4>Spendenportal<\/h4>\n\n\",\"margin_bottom\":\"default\",\"margin_top\":\"default\"},\"name\":\"Spendenportal \u00dcberschrift\"},{\"type\":\"image\",\"props\":{\"image\":\"wp-content\/uploads\/2025\/06\/pax-bank1.png\",\"image_svg_color\":\"emphasis\",\"margin_bottom\":\"default\",\"margin_top\":\"default\"},\"name\":\"Pax-Bank Bild\"},{\"type\":\"text\",\"props\":{\"column_breakpoint\":\"m\",\"content\":\"\n\n<p>Beim Klick auf den Button SPENDEN werden Sie auf die Seite unseres Partners, der Pax-Bank f\u00fcr Kirche und Caritas in Paderborn weitergeleitet. Dort haben Sie die M\u00f6glichkeit, Ihre Spende verschiedenen Projekten unseres Vereins zuzuordnen. Wir bedanken uns schon jetzt f\u00fcr Ihre Hilfe!<\/p>\n\n\",\"margin_bottom\":\"default\",\"margin_top\":\"default\",\"text_style\":\"small\"},\"name\":\"Pax-Text\"},{\"type\":\"button\",\"props\":{\"button_size\":\"large\",\"grid_column_gap\":\"small\",\"grid_row_gap\":\"small\",\"margin_bottom\":\"default\",\"margin_top\":\"default\"},\"children\":[{\"type\":\"button_item\",\"props\":{\"button_style\":\"secondary\",\"content\":\"Spenden\",\"dialog_layout\":\"modal\",\"dialog_offcanvas_flip\":true,\"icon\":\"credit-card\",\"icon_align\":\"left\",\"link\":\"https:\/\/www.bkc-spendenportal.de\/organisation-checkout.html?id=44\",\"link_target\":true}}],\"name\":\"BCK Button\"},{\"type\":\"divider\",\"props\":{\"divider_element\":\"hr\"}},{\"type\":\"image\",\"props\":{\"image\":\"wp-content\/uploads\/2025\/07\/spk-logo-druck.png\",\"image_svg_color\":\"emphasis\",\"margin_bottom\":\"default\",\"margin_top\":\"default\"},\"name\":\"Kasseler Sparkasse\"},{\"type\":\"text\",\"props\":{\"column_breakpoint\":\"m\",\"content\":\"\n\n<div>TOGETHER \u2013 Hilfe f\u00fcr Uganda e.V.<\/div>\n\n\\n\n\n<div>IBAN: DE50 5205 0353 1235 9000 00<\/div>\n\n\\n\n\n<div>BIC: HELADEF1KAS<\/div>\n\n\",\"margin_bottom\":\"default\",\"margin_top\":\"default\",\"text_style\":\"small\"},\"name\":\"Kasseler Sparkasse Konto\"},{\"type\":\"divider\",\"props\":{\"divider_element\":\"hr\"}},{\"type\":\"text\",\"props\":{\"column_breakpoint\":\"m\",\"content\":\"\n\n<h6>25 gemeinsame Jahre<\/h6>\n\n\",\"margin_bottom\":\"default\",\"margin_top\":\"default\"},\"name\":\"25 gemeinsame Jahre \u00dcberschrift\"},{\"type\":\"text\",\"props\":{\"column_breakpoint\":\"m\",\"content\":\"\n\n<p>Hier finden Sie unser Magazin, das zum Vereinsjubil\u00e4um 2023 erschienen ist. Es enth\u00e4lt einen R\u00fcckblick auf die Geschichte des Vereins sowie einen \u00dcberblick \u00fcber die Vielfalt der aktuellen Projekte.<\/p>\n\n\",\"margin_bottom\":\"default\",\"margin_top\":\"default\",\"text_style\":\"small\"},\"name\":\"25 gemeinsame Jahre Text\"},{\"type\":\"image\",\"props\":{\"image\":\"wp-content\/uploads\/2025\/03\/Magazin_2024_2504-9e7b6354.jpeg\",\"image_svg_color\":\"emphasis\",\"link\":\"wp-content\/uploads\/2025\/03\/Magazin_2024_2504.pdf\",\"link_target\":true,\"margin_bottom\":\"default\",\"margin_top\":\"default\"},\"name\":\"25 gemeinsame Jahre Bild\"},{\"type\":\"button\",\"props\":{\"button_size\":\"small\",\"grid_column_gap\":\"small\",\"grid_row_gap\":\"small\",\"margin_bottom\":\"default\",\"margin_top\":\"default\"},\"children\":[{\"type\":\"button_item\",\"props\":{\"button_style\":\"default\",\"content\":\"Download (ca. 10 MB)\",\"dialog_layout\":\"modal\",\"dialog_offcanvas_flip\":true,\"icon_align\":\"left\",\"link\":\"wp-content\/uploads\/2025\/03\/Magazin_2024_2504.pdf\",\"link_target\":true}}],\"name\":\"25 gemeinsame Jahre Button\"}]}],\"props\":{\"layout\":\"3-4,1-4\"}},{\"type\":\"row\",\"children\":[{\"type\":\"column\",\"props\":{\"image_position\":\"center-center\",\"position_sticky_breakpoint\":\"m\"},\"children\":[{\"type\":\"button\",\"props\":{\"grid_column_gap\":\"small\",\"grid_row_gap\":\"small\",\"margin_bottom\":\"default\",\"margin_top\":\"default\"},\"children\":[{\"type\":\"button_item\",\"props\":{\"button_style\":\"default\",\"content\":\"zur\u00fcck\",\"dialog_layout\":\"modal\",\"dialog_offcanvas_flip\":true,\"icon\":\"arrow-left\",\"icon_align\":\"left\",\"link\":\"index.php?=start\"}}],\"name\":\"zur\u00fcck zur Startseite\"}]}]}],\"name\":\"TOGETHER \u2022 Aktuelles - Vorlage\"}],\"version\":\"5.0.18\"} --><\/p>\n","protected":false},"excerpt":{"rendered":"<p>Projekte Um Details zu den verschiedenen Projekten einzusehen, klicken Sie einfach auf die jeweiligen \u00dcberschriften. Nochmaliges Klicken schlie\u00dft das ge\u00f6ffnete Fenster wieder. 2022\u20132027 St. Pauls Nursery &#038; Primary School Ruhunga Kyanymiromba \u2013 Projekt f\u00fcr 600 Kinder weiterlesen (neuer Tab) 2020\u20132023 Ausbau Berufsschule Andrea Kaahwa Kooki Mount St. Mary&#8217;s Hospital Kasese 2018\u20132020 St. Joseph&#8217;s Gesundheitszentrum Buryansungwe [&hellip;]<\/p>\n","protected":false},"author":1,"featured_media":0,"parent":0,"menu_order":0,"comment_status":"closed","ping_status":"closed","template":"","meta":{"footnotes":""},"class_list":["post-253","page","type-page","status-publish","hentry"],"_links":{"self":[{"href":"https:\/\/tohifu.de\/index.php?rest_route=\/wp\/v2\/pages\/253","targetHints":{"allow":["GET"]}}],"collection":[{"href":"https:\/\/tohifu.de\/index.php?rest_route=\/wp\/v2\/pages"}],"about":[{"href":"https:\/\/tohifu.de\/index.php?rest_route=\/wp\/v2\/types\/page"}],"author":[{"embeddable":true,"href":"https:\/\/tohifu.de\/index.php?rest_route=\/wp\/v2\/users\/1"}],"replies":[{"embeddable":true,"href":"https:\/\/tohifu.de\/index.php?rest_route=%2Fwp%2Fv2%2Fcomments&post=253"}],"version-history":[{"count":109,"href":"https:\/\/tohifu.de\/index.php?rest_route=\/wp\/v2\/pages\/253\/revisions"}],"predecessor-version":[{"id":1568,"href":"https:\/\/tohifu.de\/index.php?rest_route=\/wp\/v2\/pages\/253\/revisions\/1568"}],"wp:attachment":[{"href":"https:\/\/tohifu.de\/index.php?rest_route=%2Fwp%2Fv2%2Fmedia&parent=253"}],"curies":[{"name":"wp","href":"https:\/\/api.w.org\/{rel}","templated":true}]}}